{"id":266,"date":"2020-05-28T09:03:08","date_gmt":"2020-05-28T09:03:08","guid":{"rendered":"http:\/\/schmidt-paetzel.de\/?page_id=266"},"modified":"2020-05-28T09:05:08","modified_gmt":"2020-05-28T09:05:08","slug":"elementor-266","status":"publish","type":"page","link":"http:\/\/schmidt-paetzel.de\/?page_id=266","title":{"rendered":"Heilige Berge. Die Sacri Monti in Oberitalien, Kommentartext von Andreas Christoph Schmidt"},"content":{"rendered":"\t\t<div data-elementor-type=\"wp-page\" data-elementor-id=\"266\" class=\"elementor elementor-266\">\n\t\t\t\t\t\t<section class=\"elementor-section elementor-top-section elementor-element elementor-element-ae57caa elementor-section-boxed elementor-section-height-default elementor-section-height-default\" data-id=\"ae57caa\" data-element_type=\"section\">\n\t\t\t\t\t\t<div class=\"elementor-container elementor-column-gap-default\">\n\t\t\t\t\t<div class=\"elementor-column elementor-col-100 elementor-top-column elementor-element elementor-element-c5b68e4\" data-id=\"c5b68e4\" data-element_type=\"column\">\n\t\t\t<div class=\"elementor-widget-wrap elementor-element-populated\">\n\t\t\t\t\t\t<div class=\"elementor-element elementor-element-16f06af elementor-widget elementor-widget-text-editor\" data-id=\"16f06af\" data-element_type=\"widget\" data-widget_type=\"text-editor.default\">\n\t\t\t\t<div class=\"elementor-widget-container\">\n\t\t\t\t\t\t\t<p lang=\"de-DE\"><span style=\"color: #000000;\"><span style=\"font-family: FranKleinBook;\"><span style=\"font-size: medium;\">10:00:07:18<br \/>In den gro\u00dfen alten Fluren des Santuario di Oropa h\u00e4n\u00adgen Votivbilder und Gaben.<\/span><\/span><\/span><\/p><p lang=\"de-DE\"><span style=\"color: #000000;\"><span style=\"font-family: FranKleinBook;\"><span style=\"font-size: medium;\">10:00:18:23<br \/>Per grazia ricevuta \u2013 f\u00fcr die empfan\u00adgene Gnade gewidmet der Gottesmutter von Oropa.<\/span><\/span><\/span><\/p><p lang=\"de-DE\"><span style=\"color: #000000;\"><span style=\"font-family: FranKleinBook;\"><span style=\"font-size: medium;\">10:00:31:14<br \/>Hier geht Guido Guizzo mit seinen Freunden auf jenen Fel\u00adsen zu, von dem er gleich st\u00fcrzen wird \u2013 die Eltern danken f\u00fcr sein \u00dcberleben.<\/span><\/span><\/span><\/p><p lang=\"de-DE\"><span style=\"color: #000000;\"><span style=\"font-family: FranKleinBook;\"><span style=\"font-size: medium;\">10:00:43:07<br \/>Auch Iuventus Turin bedankt sich \u2013 mit den legend\u00e4ren schwarz-weissen Trikots.<\/span><\/span><\/span><\/p><p lang=\"de-DE\"><span style=\"color: #000000;\"><span style=\"font-family: FranKleinBook;\"><span style=\"font-size: medium;\">10:00:54:07<br \/>Im Treppenhaus die Kr\u00fccken derer, die ihre Kr\u00fccken fortwar\u00adfen.<\/span><\/span><\/span><\/p><p lang=\"de-DE\"><span style=\"color: #000000;\"><span style=\"font-family: FranKleinBook;\"><span style=\"font-size: medium;\">10:01:06:04<br \/>Alles ist ihr gedankt, der Schwarzen Madonna von Oro\u00adpa.<\/span><\/span><\/span><\/p><p lang=\"de-DE\"><span style=\"color: #000000;\"><span style=\"font-family: FranKleinBook;\"><span style=\"font-size: medium;\">10:01:11:10<br \/>Seit Jahrhunderten tut sie Wunder, hier \u00fcber der al\u00adten Stadt Biella im Piemont.<br \/><\/span><\/span><\/span><\/p><p lang=\"de-DE\"><span style=\"color: #000000;\"><span style=\"font-family: FranKleinBook;\"><span style=\"font-size: medium;\">10:01:22:14<br \/>Ihr Heiligtum ist heu\u00adte eine riesi\u00adge Anlage, 1200 m hoch, am Rande der Bergwelt.<\/span><\/span><\/span><\/p><p lang=\"de-DE\"><span style=\"color: #000000;\"><span style=\"font-family: FranKleinBook;\"><span style=\"font-size: medium;\">10:01:34:07<br \/>Piemont, ai piedi del monte, zu F\u00fc\u00dfen des Gebirgs.<\/span><\/span><\/span><\/p><p lang=\"de-DE\"><span style=\"color: #000000;\"><span style=\"font-family: FranKleinBook;\"><span style=\"font-size: medium;\">10:01:44:15<br \/>Aber nicht der Madonna wegen ist Oropa Weltkulturer\u00adbe ge\u00adworden, sondern wegen etwas, das hier eigent\u00adlich Nebensa\u00adche ist: eine Reihe kleiner Kapellen, die sich den Hang hin\u00adanziehen. Dies ist der sacro monte, der Heilige Berg von Oropa, einer von neun sacri monti in Obertalien.<\/span><\/span><\/span><\/p><p lang=\"de-DE\"><span style=\"color: #000000;\"><span style=\"font-family: FranKleinBook;\"><span style=\"font-size: medium;\">10:02:05:00<br \/>In dieser Folge von Kapellen sind, einem Kreuzweg \u00e4hnlich, Lebensstationen Marias dargestellt, hinter verschlossenen T\u00fcren und vergitterten Fenstern. Man kann nicht einfach hingehen und angucken, die H\u00e4nde in den Hosentaschen. Man mu\u00df sich beugen, sp\u00e4hen, einen Blick erhaschen.<\/span><\/span><\/span><\/p><p lang=\"de-DE\"><span style=\"color: #000000;\"><span style=\"font-family: FranKleinBook;\"><span style=\"font-size: medium;\">10:02:27:09<br \/>Unter den Skulpturengruppen der sacri monti z\u00e4hlen die von Oropa nicht zur ersten Garnitur, und wir werden diesen sch\u00f6\u00adnen Ort gleich verlassen, um uns den wirk\u00adlich bedeutenden zuzuwenden.<\/span><\/span><\/span><\/p><p lang=\"de-DE\"><span style=\"color: #000000;\"><span style=\"font-family: FranKleinBook;\"><span style=\"font-size: medium;\">10:02:33:07<br \/>Zuvor aber noch ein Blick auf das Licht: Bei Sonnen\u00adschein erhellt es immer nur einen Ausschnitt der Szene. Alles ande\u00adre versinkt im Halbdunkel.<\/span><\/span><\/span><\/p><p lang=\"de-DE\"><span style=\"color: #000000;\"><span style=\"font-family: FranKleinBook;\"><span style=\"font-size: medium;\">Chiaroscuro \u2013 die Lichttechnik in der Malerei der Sp\u00e4t\u00adrenaissance \u2013 hier findet sie ihre Anwendung in der Welt realer K\u00f6rper. Beinahe lebender K\u00f6rper, scheint es.<\/span><\/span><\/span><\/p><p lang=\"de-DE\"><span style=\"color: #000000;\"><span style=\"font-family: FranKleinBook;\"><span style=\"font-size: medium;\">10:03:05:24<br \/>Was die Sonne enth\u00fcllt, ist oft von so greifbarer K\u00f6rper\u00adlichkeit, da\u00df wohl mancher fromme Pilger, der sein Auge dem Gitter n\u00e4herte, zur\u00fcckschrak oder auf sehr irdische Gedanken kam.<\/span><\/span><\/span><\/p><p lang=\"de-DE\"><span style=\"color: #000000;\"><span style=\"font-family: FranKleinBook;\"><span style=\"font-size: medium;\">10:03:24:14<br \/>Piemont, zu F\u00fc\u00dfen der Berge.<\/span><\/span><\/span><\/p><p lang=\"de-DE\"><span style=\"color: #000000;\"><span style=\"font-family: FranKleinBook;\"><span style=\"font-size: medium;\">10:03:33:06<br \/>\u00dcber einem kleinen St\u00e4dtchen gelegen, zwischen den Schweizer Bergriesen und den oberitalienischen Seen, ganz abseits aller Touristenstr\u00f6me: der monte sacro di Varallo, der \u00e4lteste und bedeutendste der neun heiligen Berge.<\/span><\/span><\/span><\/p><p lang=\"de-DE\"><span style=\"color: #000000;\"><span style=\"font-family: FranKleinBook;\"><span style=\"font-size: medium;\">10:03:49:22<br \/>Eine Piazza mit einer Kirche,<\/span><\/span><\/span><\/p><p lang=\"de-DE\"><span style=\"color: #000000;\"><span style=\"font-family: FranKleinBook;\"><span style=\"font-size: medium;\">10:03:52:15<br \/>ein Brunnen&#8230; ein Laden&#8230; ein Hotel&#8230; dieser Berg ist selbst wie eine kleine Stadt.<\/span><\/span><\/span><\/p><p lang=\"de-DE\"><span style=\"color: #000000;\"><span style=\"font-family: FranKleinBook;\"><span style=\"font-size: medium;\">10:04:05:12<br \/>Aber in den H\u00e4usern ringsumher wohnt niemand.<\/span><\/span><\/span><\/p><p lang=\"de-DE\"><span style=\"color: #000000;\"><span style=\"font-family: FranKleinBook;\"><span style=\"font-size: medium;\">10:04:09:11<br \/>Es sind keine H\u00e4user, sondern Kapellen.<\/span><\/span><\/span><\/p><p lang=\"de-DE\"><span style=\"color: #000000;\"><span style=\"font-family: FranKleinBook;\"><span style=\"font-size: medium;\">10:04:25:07<br \/>Die Geschichte des Sacro Monte di Varallo beginnt mit einem M\u00f6nch, einem Franziskaner, Bernardino Caimi, der am Ende des 15. Jahrhunderts aus dem Hl. Land heim\u00adkehrte.<\/span><\/span><\/span><\/p><p lang=\"de-DE\"><span style=\"color: #000000;\"><span style=\"font-family: FranKleinBook;\"><span style=\"font-size: medium;\">Vater Bernardino wu\u00dfte vielleicht, da\u00df Jerusalem verloren war. Die Kreuzz\u00fcge waren vor\u00fcber, und sie hatten nichts gebracht au\u00dfer Leid und Tod.<\/span><\/span><\/span><\/p><p lang=\"de-DE\"><span style=\"color: #000000;\"><span style=\"font-family: FranKleinBook;\"><span style=\"font-size: medium;\">10:04:49:16<br \/>Sein Sch\u00e4del am Eingang zur \u00e4ltesten Kapelle, der Grabkammer.<\/span><\/span><\/span><\/p><p lang=\"de-DE\"><span style=\"color: #000000;\"><span style=\"font-family: FranKleinBook;\"><span style=\"font-size: medium;\">10:04:55:04<br \/>Sie ist ganz dem Grabe Christi nachempfunden, wie es damals in Jerusalem noch zu sehen war. Heute ist dort alles anders.<\/span><\/span><\/span><\/p><p lang=\"de-DE\"><span style=\"color: #000000;\"><span style=\"font-family: FranKleinBook;\"><span style=\"font-size: medium;\">10:05:07:01<br \/>Wer sich unter diesem Stein hindurchzw\u00e4ngt, steht vor dem Leichnam des Gekreuzigten.<\/span><\/span><\/span><\/p><p lang=\"de-DE\"><span style=\"color: #000000;\"><span style=\"font-family: FranKleinBook;\"><span style=\"font-size: medium;\">10:05:20:09<br \/>Die \u00e4lteren Figuren sind aus Holz, die sp\u00e4teren aus Terrakotta, lebensgro\u00df.<\/span><\/span><\/span><\/p><p lang=\"de-DE\"><span style=\"color: #000000;\"><span style=\"font-family: FranKleinBook;\"><span style=\"font-size: medium;\">10:05:32:07<br \/>Maria Magdalena tr\u00e4gt das offene Haar der S\u00fcnderin.<\/span><\/span><\/span><\/p><p lang=\"de-DE\"><span style=\"color: #000000;\"><span style=\"font-family: FranKleinBook;\"><span style=\"font-size: medium;\">10:05:41:14<br \/>Mariae Verk\u00fcn\u00addigung.<\/span><\/span><\/span><\/p><p lang=\"de-DE\"><span style=\"color: #000000;\"><span style=\"font-family: FranKleinBook;\"><span style=\"font-size: medium;\">10:05:55:13<br \/>Ein gro\u00dfes, stummes Theater.<\/span><\/span><\/span><\/p><p lang=\"de-DE\"><span style=\"color: #000000;\"><span style=\"font-family: FranKleinBook;\"><span style=\"font-size: medium;\">10:05:58:22<br \/>So best\u00fcrzend lebensnah war die biblische Geschichte den Menschen noch nie vor Augen gef\u00fchrt worden, und man ahnt, wie diese expressiven Figurengruppen Zuschauer ergriffen, die nicht allzu oft ein Bildwerk zu sehen bekamen.<\/span><\/span><\/span><\/p><p lang=\"de-DE\"><span style=\"color: #000000;\"><span style=\"font-family: FranKleinBook;\"><span style=\"font-size: medium;\">10:06:20:04<br \/>Und wie sie selbst, Pilger zumeist, Teil der Komposition wurden. Ganz so wie die Randfiguren, die zu jedem Ensemble geh\u00f6ren: verewigte Be\u00adtrachter.<\/span><\/span><\/span><\/p><p lang=\"de-DE\"><span style=\"color: #000000;\"><span style=\"font-family: FranKleinBook;\"><span style=\"font-size: medium;\">10:06:35:20<br \/>Ankunft der Hl. 3 K\u00f6nige.<\/span><\/span><\/span><\/p><p lang=\"de-DE\"><span style=\"color: #000000;\"><span style=\"font-family: FranKleinBook;\"><span style=\"font-size: medium;\">10:06:54:24<br \/>Der Kin\u00addermord von Bethlehem.<\/span><\/span><\/span><\/p><p lang=\"de-DE\"><span style=\"color: #000000;\"><span style=\"font-family: FranKleinBook;\"><span style=\"font-size: medium;\">10:07:13:05<br \/>Mit dem Blick eines Wahnsinnigen sieht Herodes der Untat zu, die er befohlen hat.<\/span><\/span><\/span><\/p><p lang=\"de-DE\"><span style=\"color: #000000;\"><span style=\"font-family: FranKleinBook;\"><span style=\"font-size: medium;\">10:07:30:03<br \/>Platz der Gerichte. Darstellungen Jerusalems als ideale Stadt hatte es seit jeher gegeben.<\/span><\/span><\/span><\/p><p lang=\"de-DE\"><span style=\"color: #000000;\"><span style=\"font-family: FranKleinBook;\"><span style=\"font-size: medium;\">In Varallo aber wurde Jerusalem nicht dargestellt, son\u00addern neu erschaffen. Man betritt den Platz wie ein Wirklichkeit gewordenes Renaissance-Gem\u00e4lde.<\/span><\/span><\/span><\/p><p lang=\"de-DE\"><span style=\"color: #000000;\"><span style=\"font-family: FranKleinBook;\"><span style=\"font-size: medium;\">10:08:01:00<br \/>Christus vor Kaiphas. Dieser Hohepriester \u2013 sein Gesicht bebt von widerstreitenden Gef\u00fchlen und funkelnder Boshaftigkeit. Kein Glaubensstreiter, ein Karrierist eher. Auf dem Kopf tr\u00e4gt er eine Mitra. Aber weil er Heide ist, tr\u00e4gt er sie falsch. Und sie ist mit einem Halbmond geschm\u00fcckt.<\/span><\/span><\/span><\/p><p lang=\"de-DE\"><span style=\"color: #000000;\"><span style=\"font-family: FranKleinBook;\"><span style=\"font-size: medium;\">10:08:24:16<br \/>Verspottung.<\/span><\/span><\/span><\/p><p lang=\"de-DE\"><span style=\"color: #000000;\"><span style=\"font-family: FranKleinBook;\"><span style=\"font-size: medium;\">10:08:57:14<br \/>Die Kinder sind das Leben selbst. Sie sind ganz ihrem Spiel, ihrer Daseinsfreude, ihren Haustierchen und Freunden hingegeben. \u201eHier\u201c, sagt ein Erwachsener z\u00e4rtlich. \u201eSchau: was dort oben passiert, ist wichtig, und du wirst noch deinen Enkeln davon erz\u00e4hlen.\u201c Aber so ein starkes irdisches Gl\u00fcck, ein Gl\u00fcck bis in die Zehen\u00adspitzen, kann man nicht ablenken, nicht einmal mit der Passion Christi.<\/span><\/span><\/span><\/p><p lang=\"de-DE\"><span style=\"color: #000000;\"><span style=\"font-family: FranKleinBook;\"><span style=\"font-size: medium;\">10:09:25:05<br \/>Denn oben auf dem Balkon f\u00fchrt Pila\u00adtus den Gepeinigten, von Wunden Entstellten, vor das Volk. \u201eSeht, er ist nur ein Mensch!\u201c Wer m\u00f6chte nicht weinen beim Anblick von soviel Gl\u00fcck und Leid.<\/span><\/span><\/span><\/p><p lang=\"de-DE\"><span style=\"color: #000000;\"><span style=\"font-family: FranKleinBook;\"><span style=\"font-size: medium;\">10:09:58:07<br \/>Auf diese Insel kam der Hl. Julius im 4. Jahrhundert. Orta San Giulio, hortus sancti Iulii \u2013 der Garten des Hl. Julius.<\/span><\/span><\/span><\/p><p lang=\"de-DE\"><span style=\"color: #000000;\"><span style=\"font-family: FranKleinBook;\"><span style=\"font-size: medium;\">10:10:16:23<br \/>Gegen\u00fcber, am Ufer des Orta-Sees, liegt ein malerisches St\u00e4dtchen, und dar\u00fcber der Sacro Monte di Orta.<\/span><\/span><\/span><\/p><p lang=\"de-DE\"><span style=\"color: #000000;\"><span style=\"font-family: FranKleinBook;\"><span style=\"font-size: medium;\">10:10:28:17<br \/>Nietzsche stieg hier einmal mit der von ihm begehrten Lou Salome hinauf; \u201eder entz\u00fcckendste Traum meines Lebens\u201c, schrieb er ihr sp\u00e4ter.<\/span><\/span><\/span><\/p><p lang=\"de-DE\"><span style=\"color: #000000;\"><span style=\"font-family: FranKleinBook;\"><span style=\"font-size: medium;\">10:10:39:06<br \/>Aber nicht um Nietzsche geht es uns jetzt, sondern um diesen jungen Mann hier. Es ist der Hl. Franz, und sei\u00adner Vita ist der sacro monte di Orta ganz gewidmet.<\/span><\/span><\/span><\/p><p lang=\"de-DE\"><span style=\"color: #000000;\"><span style=\"font-family: FranKleinBook;\"><span style=\"font-size: medium;\">10:10:53:10<br \/>Alle anderen sacri monti Oberitaliens handeln von biblischen Dingen, meist vom Leidensweg Christi. Hier aber wird die Geschichte des Franz von Assisi erz\u00e4hlt, so als geh\u00f6re er, wie Jesus und Maria, zu den Gestalten der Bibel.<\/span><\/span><\/span><\/p><p lang=\"de-DE\"><span style=\"color: #000000;\"><span style=\"font-family: FranKleinBook;\"><span style=\"font-size: medium;\">10:11:13:11<br \/>Die gr\u00f6\u00dfte und pr\u00e4chtigste Kapelle von Orta zeigt seine Heiligsprechung.<\/span><\/span><\/span><\/p><p lang=\"de-DE\"><span style=\"color: #000000;\"><span style=\"font-family: FranKleinBook;\"><span style=\"font-size: medium;\">10:11:21:12<br \/>Das war 1228, nur zwei Jahre nach seinem Tod.<\/span><\/span><\/span><\/p><p lang=\"de-DE\"><span style=\"color: #000000;\"><span style=\"font-family: FranKleinBook;\"><span style=\"font-size: medium;\">10:11:39:18<br \/>Was erz\u00fcrnte die Zuschauer so, die hier vom Rand her einbrechen?<\/span><\/span><\/span><\/p><p lang=\"de-DE\"><span style=\"color: #000000;\"><span style=\"font-family: FranKleinBook;\"><span style=\"font-size: medium;\">10:11:45:01<br \/>Was war los, da\u00df sogar die Schweizergarde eingriff?<\/span><\/span><\/span><\/p><p lang=\"de-DE\"><span style=\"color: #000000;\"><span style=\"font-family: FranKleinBook;\"><span style=\"font-size: medium;\">10:11:52:12<br \/>Man wei\u00df es nicht, erinnert sich aber daran, da\u00df der Papst seine M\u00fche hatte mit dem neuen Heiligen, der ein Revoluzzer gewesen war und radikaler Armut verpflichtet.<\/span><\/span><\/span><\/p><p lang=\"de-DE\"><span style=\"color: #000000;\"><span style=\"font-family: FranKleinBook;\"><span style=\"font-size: medium;\">10:12:01:11<br \/>Und da\u00df die Kirche sich tief beugen mu\u00dfte, um oben zu bleiben.<\/span><\/span><\/span><\/p><p lang=\"de-DE\"><span style=\"color: #000000;\"><span style=\"font-family: FranKleinBook;\"><span style=\"font-size: medium;\">10:12:06:08<br \/>Denn Franziskus war ein Heiliger der Herzen, er ist es ja bis heute noch.<\/span><\/span><\/span><\/p><p lang=\"de-DE\"><span style=\"color: #000000;\"><span style=\"font-family: FranKleinBook;\"><span style=\"font-size: medium;\">10:12:17:08<br \/>Performance in Assisi:<\/span><\/span><\/span><\/p><p lang=\"de-DE\"><span style=\"color: #000000;\"><span style=\"font-family: FranKleinBook;\"><span style=\"font-size: medium;\">10:12:19:21<br \/>Franziskus l\u00e4\u00dft sich nackt an ei\u00adnem Strick durch die Stadt f\u00fchren. Wie ein Esel.<\/span><\/span><\/span><\/p><p lang=\"de-DE\"><span style=\"color: #000000;\"><span style=\"font-family: FranKleinBook;\"><span style=\"font-size: medium;\">10:12:23:21<br \/>\u201eBru\u00adder Esel\u201c, so nannte er ja seinen K\u00f6rper.<\/span><\/span><\/span><\/p><p lang=\"de-DE\"><span style=\"color: #000000;\"><span style=\"font-family: FranKleinBook;\"><span style=\"font-size: medium;\">10:12:28:16<br \/>Aber die Sze\u00adne, die Demut demonstrieren soll, erinnert sogleich an Christus auf dem Kreuzweg.<\/span><\/span><\/span><\/p><p lang=\"de-DE\"><span style=\"color: #000000;\"><span style=\"font-family: FranKleinBook;\"><span style=\"font-size: medium;\">10:12:35:18<br \/>Rundherum ein frivoles Treiben. Es ist Karneval.<\/span><\/span><\/span><\/p><p lang=\"de-DE\"><span style=\"color: #000000;\"><span style=\"font-family: FranKleinBook;\"><span style=\"font-size: medium;\">10:12:51:23<br \/>Des jungen Franziskus Erweckungserlebnis in der Kirche San Da\u00admiano bei Assisi. Dort sprach ihn der Gekreuzigte an: \u201eFrancesco, geh und stelle mein Haus wieder her, das, wie du siehst, ganz in Ruinen liegt.\u201c<\/span><\/span><\/span><\/p><p lang=\"de-DE\"><span style=\"color: #000000;\"><span style=\"font-family: FranKleinBook;\"><span style=\"font-size: medium;\">10:13:12:02<br \/>Wem die Botschaft noch nicht klar ist, der findet die L\u00f6sung in Kapelle 1:<\/span><\/span><\/span><\/p><p lang=\"de-DE\"><span style=\"color: #000000;\"><span style=\"font-family: FranKleinBook;\"><span style=\"font-size: medium;\">10:13:20:02<br \/>Franz wird in einer Krippe geboren \u2013 in Wahrheit in einem reichen italienischen B\u00fcrgerhau\u00ads \u2013 und die Weiber dr\u00e4ngten sich, das Kind zu stillen. Der kleine Franziskus aber begr\u00fc\u00dft die Welt mit einem Segen: er ist nicht irgendein Heiliger, sondern der neu erschienene \u2013 im Abendland erschienene \u2013 Christus.<\/span><\/span><\/span><\/p><p lang=\"de-DE\"><span style=\"color: #000000;\"><span style=\"font-family: FranKleinBook;\"><span style=\"font-size: medium;\">10:13:43:08<br \/>Eine Revolution im Christentum.<\/span><\/span><\/span><\/p><p lang=\"de-DE\"><span style=\"color: #000000;\"><span style=\"font-family: FranKleinBook;\"><span style=\"font-size: medium;\">10:13:48:21<br \/>Wer heute herkommt, sp\u00fcrt nichts mehr davon.<\/span><\/span><\/span><\/p><p lang=\"de-DE\"><span style=\"color: #000000;\"><span style=\"font-family: FranKleinBook;\"><span style=\"font-size: medium;\">10:13:48:21<br \/>Aber ein \u201eentz\u00fcckender Traum\u201c &#8211; das sind die Sacri Monti noch f\u00fcr jeden, der einmal hier war.<\/span><\/span><\/span><\/p><p>\/<span style=\"color: #000000;\">10:14:01:02<\/span>\u00a0<\/p>\t\t\t\t\t\t<\/div>\n\t\t\t\t<\/div>\n\t\t\t\t\t<\/div>\n\t\t<\/div>\n\t\t\t\t\t<\/div>\n\t\t<\/section>\n\t\t\t\t<\/div>\n\t\t","protected":false},"excerpt":{"rendered":"<p>10:00:07:18 In den gro\u00dfen alten Fluren des Santuario di Oropa h\u00e4n\u00adgen Votivbilder und Gaben. 10:00:18:23 Per grazia ricevuta \u2013 f\u00fcr die empfan\u00adgene Gnade gewidmet der [&#8230;]<\/p>\n","protected":false},"author":1,"featured_media":0,"parent":0,"menu_order":0,"comment_status":"closed","ping_status":"closed","template":"","meta":[],"yoast_head":"<!-- This site is optimized with the Yoast SEO plugin v21.8.1 - https:\/\/yoast.com\/wordpress\/plugins\/seo\/ -->\n<title>Heilige Berge. Die Sacri Monti in Oberitalien, Kommentartext von Andreas Christoph Schmidt - Schmidt &amp; Paetzel Fernsehfilme<\/title>\n<meta name=\"robots\" content=\"index, follow, max-snippet:-1, max-image-preview:large, max-video-preview:-1\" \/>\n<link rel=\"canonical\" href=\"http:\/\/schmidt-paetzel.de\/?page_id=266\" \/>\n<meta property=\"og:locale\" content=\"de_DE\" \/>\n<meta property=\"og:type\" content=\"article\" \/>\n<meta property=\"og:title\" content=\"Heilige Berge. Die Sacri Monti in Oberitalien, Kommentartext von Andreas Christoph Schmidt - Schmidt &amp; Paetzel Fernsehfilme\" \/>\n<meta property=\"og:description\" content=\"10:00:07:18 In den gro\u00dfen alten Fluren des Santuario di Oropa h\u00e4n\u00adgen Votivbilder und Gaben. 10:00:18:23 Per grazia ricevuta \u2013 f\u00fcr die empfan\u00adgene Gnade gewidmet der [...]\" \/>\n<meta property=\"og:url\" content=\"http:\/\/schmidt-paetzel.de\/?page_id=266\" \/>\n<meta property=\"og:site_name\" content=\"Schmidt &amp; Paetzel Fernsehfilme\" \/>\n<meta property=\"article:modified_time\" content=\"2020-05-28T09:05:08+00:00\" \/>\n<meta name=\"twitter:card\" content=\"summary_large_image\" \/>\n<meta name=\"twitter:label1\" content=\"Gesch\u00e4tzte Lesezeit\" \/>\n\t<meta name=\"twitter:data1\" content=\"6\u00a0Minuten\" \/>\n<script type=\"application\/ld+json\" class=\"yoast-schema-graph\">{\"@context\":\"https:\/\/schema.org\",\"@graph\":[{\"@type\":\"WebPage\",\"@id\":\"http:\/\/schmidt-paetzel.de\/?page_id=266\",\"url\":\"http:\/\/schmidt-paetzel.de\/?page_id=266\",\"name\":\"Heilige Berge. Die Sacri Monti in Oberitalien, Kommentartext von Andreas Christoph Schmidt - Schmidt &amp; Paetzel Fernsehfilme\",\"isPartOf\":{\"@id\":\"https:\/\/schmidt-paetzel.de\/#website\"},\"datePublished\":\"2020-05-28T09:03:08+00:00\",\"dateModified\":\"2020-05-28T09:05:08+00:00\",\"breadcrumb\":{\"@id\":\"http:\/\/schmidt-paetzel.de\/?page_id=266#breadcrumb\"},\"inLanguage\":\"de\",\"potentialAction\":[{\"@type\":\"ReadAction\",\"target\":[\"http:\/\/schmidt-paetzel.de\/?page_id=266\"]}]},{\"@type\":\"BreadcrumbList\",\"@id\":\"http:\/\/schmidt-paetzel.de\/?page_id=266#breadcrumb\",\"itemListElement\":[{\"@type\":\"ListItem\",\"position\":1,\"name\":\"Startseite\",\"item\":\"https:\/\/schmidt-paetzel.de\/\"},{\"@type\":\"ListItem\",\"position\":2,\"name\":\"Heilige Berge. Die Sacri Monti in Oberitalien, Kommentartext von Andreas Christoph Schmidt\"}]},{\"@type\":\"WebSite\",\"@id\":\"https:\/\/schmidt-paetzel.de\/#website\",\"url\":\"https:\/\/schmidt-paetzel.de\/\",\"name\":\"Schmidt &amp; Paetzel Fernsehfilme\",\"description\":\"\",\"potentialAction\":[{\"@type\":\"SearchAction\",\"target\":{\"@type\":\"EntryPoint\",\"urlTemplate\":\"https:\/\/schmidt-paetzel.de\/?s={search_term_string}\"},\"query-input\":\"required name=search_term_string\"}],\"inLanguage\":\"de\"}]}<\/script>\n<!-- \/ Yoast SEO plugin. -->","yoast_head_json":{"title":"Heilige Berge. Die Sacri Monti in Oberitalien, Kommentartext von Andreas Christoph Schmidt - Schmidt &amp; Paetzel Fernsehfilme","robots":{"index":"index","follow":"follow","max-snippet":"max-snippet:-1","max-image-preview":"max-image-preview:large","max-video-preview":"max-video-preview:-1"},"canonical":"http:\/\/schmidt-paetzel.de\/?page_id=266","og_locale":"de_DE","og_type":"article","og_title":"Heilige Berge. Die Sacri Monti in Oberitalien, Kommentartext von Andreas Christoph Schmidt - Schmidt &amp; Paetzel Fernsehfilme","og_description":"10:00:07:18 In den gro\u00dfen alten Fluren des Santuario di Oropa h\u00e4n\u00adgen Votivbilder und Gaben. 10:00:18:23 Per grazia ricevuta \u2013 f\u00fcr die empfan\u00adgene Gnade gewidmet der [...]","og_url":"http:\/\/schmidt-paetzel.de\/?page_id=266","og_site_name":"Schmidt &amp; Paetzel Fernsehfilme","article_modified_time":"2020-05-28T09:05:08+00:00","twitter_card":"summary_large_image","twitter_misc":{"Gesch\u00e4tzte Lesezeit":"6\u00a0Minuten"},"schema":{"@context":"https:\/\/schema.org","@graph":[{"@type":"WebPage","@id":"http:\/\/schmidt-paetzel.de\/?page_id=266","url":"http:\/\/schmidt-paetzel.de\/?page_id=266","name":"Heilige Berge. Die Sacri Monti in Oberitalien, Kommentartext von Andreas Christoph Schmidt - Schmidt &amp; Paetzel Fernsehfilme","isPartOf":{"@id":"https:\/\/schmidt-paetzel.de\/#website"},"datePublished":"2020-05-28T09:03:08+00:00","dateModified":"2020-05-28T09:05:08+00:00","breadcrumb":{"@id":"http:\/\/schmidt-paetzel.de\/?page_id=266#breadcrumb"},"inLanguage":"de","potentialAction":[{"@type":"ReadAction","target":["http:\/\/schmidt-paetzel.de\/?page_id=266"]}]},{"@type":"BreadcrumbList","@id":"http:\/\/schmidt-paetzel.de\/?page_id=266#breadcrumb","itemListElement":[{"@type":"ListItem","position":1,"name":"Startseite","item":"https:\/\/schmidt-paetzel.de\/"},{"@type":"ListItem","position":2,"name":"Heilige Berge. Die Sacri Monti in Oberitalien, Kommentartext von Andreas Christoph Schmidt"}]},{"@type":"WebSite","@id":"https:\/\/schmidt-paetzel.de\/#website","url":"https:\/\/schmidt-paetzel.de\/","name":"Schmidt &amp; Paetzel Fernsehfilme","description":"","potentialAction":[{"@type":"SearchAction","target":{"@type":"EntryPoint","urlTemplate":"https:\/\/schmidt-paetzel.de\/?s={search_term_string}"},"query-input":"required name=search_term_string"}],"inLanguage":"de"}]}},"_links":{"self":[{"href":"http:\/\/schmidt-paetzel.de\/index.php?rest_route=\/wp\/v2\/pages\/266"}],"collection":[{"href":"http:\/\/schmidt-paetzel.de\/index.php?rest_route=\/wp\/v2\/pages"}],"about":[{"href":"http:\/\/schmidt-paetzel.de\/index.php?rest_route=\/wp\/v2\/types\/page"}],"author":[{"embeddable":true,"href":"http:\/\/schmidt-paetzel.de\/index.php?rest_route=\/wp\/v2\/users\/1"}],"replies":[{"embeddable":true,"href":"http:\/\/schmidt-paetzel.de\/index.php?rest_route=%2Fwp%2Fv2%2Fcomments&post=266"}],"version-history":[{"count":4,"href":"http:\/\/schmidt-paetzel.de\/index.php?rest_route=\/wp\/v2\/pages\/266\/revisions"}],"predecessor-version":[{"id":271,"href":"http:\/\/schmidt-paetzel.de\/index.php?rest_route=\/wp\/v2\/pages\/266\/revisions\/271"}],"wp:attachment":[{"href":"http:\/\/schmidt-paetzel.de\/index.php?rest_route=%2Fwp%2Fv2%2Fmedia&parent=266"}],"curies":[{"name":"wp","href":"https:\/\/api.w.org\/{rel}","templated":true}]}}