{"id":308,"date":"2020-05-28T10:07:57","date_gmt":"2020-05-28T10:07:57","guid":{"rendered":"http:\/\/schmidt-paetzel.de\/?page_id=308"},"modified":"2020-05-28T10:09:55","modified_gmt":"2020-05-28T10:09:55","slug":"der-geirangerfjord-norwegen-kommentartext-von-andreas-christoph-schmidt","status":"publish","type":"page","link":"http:\/\/schmidt-paetzel.de\/?page_id=308","title":{"rendered":"Karge Majest\u00e4t. Der Geirangerfjord, Norwegen, Kommentartext von Andreas Christoph Schmidt"},"content":{"rendered":"\t\t<div data-elementor-type=\"wp-page\" data-elementor-id=\"308\" class=\"elementor elementor-308\">\n\t\t\t\t\t\t<section class=\"elementor-section elementor-top-section elementor-element elementor-element-7b69828 elementor-section-boxed elementor-section-height-default elementor-section-height-default\" data-id=\"7b69828\" data-element_type=\"section\">\n\t\t\t\t\t\t<div class=\"elementor-container elementor-column-gap-default\">\n\t\t\t\t\t<div class=\"elementor-column elementor-col-100 elementor-top-column elementor-element elementor-element-8646f2e\" data-id=\"8646f2e\" data-element_type=\"column\">\n\t\t\t<div class=\"elementor-widget-wrap elementor-element-populated\">\n\t\t\t\t\t\t<div class=\"elementor-element elementor-element-f3446a1 elementor-widget elementor-widget-text-editor\" data-id=\"f3446a1\" data-element_type=\"widget\" data-widget_type=\"text-editor.default\">\n\t\t\t\t<div class=\"elementor-widget-container\">\n\t\t\t\t\t\t\t<p>Norwegen \u2013 wie das klingt! Welch ein Zauber in diesem Wort liegt! Wer es ausspricht, denkt an die Fjorde. Nirgendwo auf der Welt gibt es eine zweite solche Landschaft. Und viele sagen: Dies ist das Paradies.<\/p><p>Von allen norwegischen Fjorden ist der Geiranger der ber\u00fchmteste. Das \u00d6rtchen Geiranger ist das \u00e4lteste Touristenziel in Norwegen. Die meisten kommen mit dem Schiff, gehen hier kurz an Land und kaufen Souvenirs. Oder sie steigen um in Busse und lassen sich ein St\u00fcck durch die Berge kutschieren. Wie sollte sich ein D\u00f6rfchen durch hundert Jahre Tourismus nicht ver\u00e4ndern! Es gibt heute ein paar zu gro\u00dfe Hotels, ein paar Andenkenbuden zuviel und ein Fjordmuseum in k\u00fchner Architektur. Dennoch ist Geiranger das Dorf geblieben, das es immer war. Am 17. Mai, Norwegens Nationalfeiertag, veranstalten seine Bewohner einen Umzug. Alle sind dabei, tragen ihre teuren Trachten und rufen Hurra. Sie feiern die Trennung Norwegens von D\u00e4nemark und die Niederschrift der norwegischen Verfassung. 1814. Au\u00dferdem feiern sie das Ende des langen nordischen Winters. Die Saison hat noch nicht so recht begonnen, man ist noch unter sich.<\/p><p>Ahnherr aller Norwegen-Touristen: Wilhelm II, letzter Deutscher Kaiser. Sein Bild und das seiner Gattin h\u00e4ngt im Hotel Union, und ebenfalls ein Gem\u00e4lde seiner Yacht \u201eHohenzollern\u201c, mit der er Jahr f\u00fcr Jahr zur \u201eNordlandfahrt\u201c aufbrach. Wilhelm der letzte liebte Norwegen. Und deswegen l\u00e4\u00dft man hier nichts auf ihn kommen. \u201eDem Geirangerfreund Kaiser Wilhelm\u201c ist dieser Obelisk am Hotel Utsikten, fr\u00fcher Bellevue, gewidmet. Anders als die meisten Touristen heute wu\u00dfte Wilhelm, da\u00df Norwegen nicht nur sch\u00f6n ist, sondern auch gef\u00e4hrlich. Als 1904 die Stadt Aalesund, nicht weit von hier, niederbrannte, eilte Wilhelm sofort zu Hilfe. Und auch in Geiranger half er mit Geld aus, als 1907 an dieser Stelle eine Lawine einen Bauernhof mit sich ri\u00df. Die Namen der Toten stehen auf der R\u00fcckseite des Obelisken. Kinder, Greise\u2026 Die wenigen \u00dcberlebenden gingen nach Amerika. Wie so viele andere Norweger.<\/p><p>Man kann sich kaum vorstellen, wie die Menschen fr\u00fcher hier lebten. Und doch sind die Ufer der Fjorde und die Hocht\u00e4ler dar\u00fcber seit f\u00fcnftausend Jahren, oder l\u00e4nger \u2013 vielleicht viel l\u00e4nger, bewohnt. Die alte Stra\u00dfe zwischen Geiranger und dem D\u00f6rfchen Eidsdal. \u201eKommunevegen\u201c nennt sie ein alter Bauer. Wer hat ihn gebaut, den Kommunevegen? Wann? Wer hat ihn zuletzt benutzt? Es is , als sei hier im Norden die Vergangenheit gr\u00fcndlicher vorbei als andernorts. Heute gibt es beinah \u00fcberall moderne Stra\u00dfen. Jahr f\u00fcr Jahr werden neue Tunnel in die Berge gebohrt. Bald werden alle Orte Norwegens auch im Winter erreichbar sein. Oder verlassen. Verlassen wie dieser Hof, Blomberg, auf einer Klippe, 450 m hoch. Man kann ihn nur \u00fcber einen steilen Fu\u00dfweg erreichen, der immer wieder zuw\u00e4chst oder versch\u00fcttet wird. Die Schiffe im Fjord sind zum Greifen nah &#8211; und geh\u00f6ren doch in eine andere Welt. Aufstieg nach Skageflaa, ebenfalls ein unbewohnter Bauernhof. Vom Fjord aus ist die schmale Stiege im Fels nicht zu erkennen. Wer hier wohnte, war sein eigener Herr, ein kleiner K\u00f6nig. Eines kargen Reiches K\u00f6nig. Was nicht hochgetragen werden konnte \u2013 250 m Felswand \u2013 das gab es eben nicht. Fr\u00fcher k\u00fcmmerte man sich kaum um die alten H\u00f6fe. Gelegentliche Liebesp\u00e4rchen schnitzten ihre Namen in alte Balken, vereinzelte Wanderer, Touristen, nahmen als Souvenirs mit, was sich tragen lie\u00df. Das Bett blieb. Ein Meter Siebzig mal Eins Zehn. Ole Andrias Rasmussen og Lovise Larsdatter Skageflaa. 1871. Wie das gewesen sein mag f\u00fcr Lovise Larsdatter, als junges M\u00e4dchen auf diesen Ein\u00f6dhof zu kommen, in dieses Bettchen. F\u00fcr das ganze Leben.<\/p><p>Skageflaa wird restauriert. Teilweise sogar neu aufgebaut. So, wie es ganz fr\u00fcher einmal gewesen ist. Wenigstens so ungef\u00e4hr. Ein Verein der Fjordfreunde tr\u00e4gt den Gro\u00dfteil der Kosten.<br \/>Ja, die einsamen H\u00f6fe \u00fcber dem Fjord sind wiederentdeckt worden. Sie stehen heute nicht mehr f\u00fcr Elend und Abgeschiedenheit, f\u00fcr ein Leben in Gefahr und Kummer. Sie sind Orte von historischer Bedeutung geworden, nationales Kulturerbe. Aber das Baumaterial wird nicht mehr hochgeschleppt, wie einst, sondern mit dem Hubschrauber hergeflogen. Skageflaa aus der Sicht des n\u00e4chsten Nachbarn, vom Hof Knivsflaa auf der Nordseite des Fjords. Knivsflaa ist bereits vor mehr als hundert Jahren verlassen worden. Wegen der Bedrohung durch einen \u00fcberh\u00e4ngenden Felsen. Doch die bef\u00fcrchtete Lawine blieb aus, Knivsflaa verfiel langsam. Heute h\u00fctet sein Besitzer den Hof mit gro\u00dfer Hingabe. Manchmal kommen Besucher her. K\u00fcrzlich \u00fcbernachtete sogar die K\u00f6nigin hier.<br \/>Ihr Eintrag im G\u00e4stebuch. \u201eMajest\u00e4tisch\u201c nennt sie die Natur hier oben. Wie das wohl ist \u2013 in diesem Bettchen zu schlafen, beim Aufwachen aus dem Fenster zu sehen und sich zu sagen: Ich bin K\u00f6nigin hier. Dies ist mein Land.<\/p><p>Fr\u00fch am Morgen mu\u00df Lauritz Solevaag wieder hinaus, die Netze einholen. Zum letzten Mal. Fischer ist er nur im Winter. Im Sommer ist er Hafenmeister, vert\u00e4ut Ozeanriesen vor Geiranger und holt Kreuzfahrttouristen an Land. Eigentlich aber ist er Seemann. Er hat die Welt gesehen. Doch nichts ist wie die Fjorde.<\/p>\t\t\t\t\t\t<\/div>\n\t\t\t\t<\/div>\n\t\t\t\t\t<\/div>\n\t\t<\/div>\n\t\t\t\t\t<\/div>\n\t\t<\/section>\n\t\t\t\t<\/div>\n\t\t","protected":false},"excerpt":{"rendered":"<p>Norwegen \u2013 wie das klingt! Welch ein Zauber in diesem Wort liegt! Wer es ausspricht, denkt an die Fjorde. Nirgendwo auf der Welt gibt es [&#8230;]<\/p>\n","protected":false},"author":1,"featured_media":0,"parent":0,"menu_order":0,"comment_status":"closed","ping_status":"closed","template":"","meta":[],"yoast_head":"<!-- This site is optimized with the Yoast SEO plugin v21.8.1 - https:\/\/yoast.com\/wordpress\/plugins\/seo\/ -->\n<title>Karge Majest\u00e4t. Der Geirangerfjord, Norwegen, Kommentartext von Andreas Christoph Schmidt - Schmidt &amp; Paetzel Fernsehfilme<\/title>\n<meta name=\"robots\" content=\"index, follow, max-snippet:-1, max-image-preview:large, max-video-preview:-1\" \/>\n<link rel=\"canonical\" href=\"http:\/\/schmidt-paetzel.de\/?page_id=308\" \/>\n<meta property=\"og:locale\" content=\"de_DE\" \/>\n<meta property=\"og:type\" content=\"article\" \/>\n<meta property=\"og:title\" content=\"Karge Majest\u00e4t. Der Geirangerfjord, Norwegen, Kommentartext von Andreas Christoph Schmidt - Schmidt &amp; Paetzel Fernsehfilme\" \/>\n<meta property=\"og:description\" content=\"Norwegen \u2013 wie das klingt! Welch ein Zauber in diesem Wort liegt! Wer es ausspricht, denkt an die Fjorde. Nirgendwo auf der Welt gibt es [...]\" \/>\n<meta property=\"og:url\" content=\"http:\/\/schmidt-paetzel.de\/?page_id=308\" \/>\n<meta property=\"og:site_name\" content=\"Schmidt &amp; Paetzel Fernsehfilme\" \/>\n<meta property=\"article:modified_time\" content=\"2020-05-28T10:09:55+00:00\" \/>\n<meta name=\"twitter:card\" content=\"summary_large_image\" \/>\n<meta name=\"twitter:label1\" content=\"Gesch\u00e4tzte Lesezeit\" \/>\n\t<meta name=\"twitter:data1\" content=\"4\u00a0Minuten\" \/>\n<script type=\"application\/ld+json\" class=\"yoast-schema-graph\">{\"@context\":\"https:\/\/schema.org\",\"@graph\":[{\"@type\":\"WebPage\",\"@id\":\"http:\/\/schmidt-paetzel.de\/?page_id=308\",\"url\":\"http:\/\/schmidt-paetzel.de\/?page_id=308\",\"name\":\"Karge Majest\u00e4t. Der Geirangerfjord, Norwegen, Kommentartext von Andreas Christoph Schmidt - Schmidt &amp; Paetzel Fernsehfilme\",\"isPartOf\":{\"@id\":\"http:\/\/schmidt-paetzel.de\/#website\"},\"datePublished\":\"2020-05-28T10:07:57+00:00\",\"dateModified\":\"2020-05-28T10:09:55+00:00\",\"breadcrumb\":{\"@id\":\"http:\/\/schmidt-paetzel.de\/?page_id=308#breadcrumb\"},\"inLanguage\":\"de\",\"potentialAction\":[{\"@type\":\"ReadAction\",\"target\":[\"http:\/\/schmidt-paetzel.de\/?page_id=308\"]}]},{\"@type\":\"BreadcrumbList\",\"@id\":\"http:\/\/schmidt-paetzel.de\/?page_id=308#breadcrumb\",\"itemListElement\":[{\"@type\":\"ListItem\",\"position\":1,\"name\":\"Startseite\",\"item\":\"http:\/\/schmidt-paetzel.de\/\"},{\"@type\":\"ListItem\",\"position\":2,\"name\":\"Karge Majest\u00e4t. Der Geirangerfjord, Norwegen, Kommentartext von Andreas Christoph Schmidt\"}]},{\"@type\":\"WebSite\",\"@id\":\"http:\/\/schmidt-paetzel.de\/#website\",\"url\":\"http:\/\/schmidt-paetzel.de\/\",\"name\":\"Schmidt &amp; Paetzel Fernsehfilme\",\"description\":\"\",\"potentialAction\":[{\"@type\":\"SearchAction\",\"target\":{\"@type\":\"EntryPoint\",\"urlTemplate\":\"http:\/\/schmidt-paetzel.de\/?s={search_term_string}\"},\"query-input\":\"required name=search_term_string\"}],\"inLanguage\":\"de\"}]}<\/script>\n<!-- \/ Yoast SEO plugin. -->","yoast_head_json":{"title":"Karge Majest\u00e4t. Der Geirangerfjord, Norwegen, Kommentartext von Andreas Christoph Schmidt - Schmidt &amp; Paetzel Fernsehfilme","robots":{"index":"index","follow":"follow","max-snippet":"max-snippet:-1","max-image-preview":"max-image-preview:large","max-video-preview":"max-video-preview:-1"},"canonical":"http:\/\/schmidt-paetzel.de\/?page_id=308","og_locale":"de_DE","og_type":"article","og_title":"Karge Majest\u00e4t. Der Geirangerfjord, Norwegen, Kommentartext von Andreas Christoph Schmidt - Schmidt &amp; Paetzel Fernsehfilme","og_description":"Norwegen \u2013 wie das klingt! Welch ein Zauber in diesem Wort liegt! Wer es ausspricht, denkt an die Fjorde. Nirgendwo auf der Welt gibt es [...]","og_url":"http:\/\/schmidt-paetzel.de\/?page_id=308","og_site_name":"Schmidt &amp; Paetzel Fernsehfilme","article_modified_time":"2020-05-28T10:09:55+00:00","twitter_card":"summary_large_image","twitter_misc":{"Gesch\u00e4tzte Lesezeit":"4\u00a0Minuten"},"schema":{"@context":"https:\/\/schema.org","@graph":[{"@type":"WebPage","@id":"http:\/\/schmidt-paetzel.de\/?page_id=308","url":"http:\/\/schmidt-paetzel.de\/?page_id=308","name":"Karge Majest\u00e4t. Der Geirangerfjord, Norwegen, Kommentartext von Andreas Christoph Schmidt - Schmidt &amp; Paetzel Fernsehfilme","isPartOf":{"@id":"http:\/\/schmidt-paetzel.de\/#website"},"datePublished":"2020-05-28T10:07:57+00:00","dateModified":"2020-05-28T10:09:55+00:00","breadcrumb":{"@id":"http:\/\/schmidt-paetzel.de\/?page_id=308#breadcrumb"},"inLanguage":"de","potentialAction":[{"@type":"ReadAction","target":["http:\/\/schmidt-paetzel.de\/?page_id=308"]}]},{"@type":"BreadcrumbList","@id":"http:\/\/schmidt-paetzel.de\/?page_id=308#breadcrumb","itemListElement":[{"@type":"ListItem","position":1,"name":"Startseite","item":"http:\/\/schmidt-paetzel.de\/"},{"@type":"ListItem","position":2,"name":"Karge Majest\u00e4t. Der Geirangerfjord, Norwegen, Kommentartext von Andreas Christoph Schmidt"}]},{"@type":"WebSite","@id":"http:\/\/schmidt-paetzel.de\/#website","url":"http:\/\/schmidt-paetzel.de\/","name":"Schmidt &amp; Paetzel Fernsehfilme","description":"","potentialAction":[{"@type":"SearchAction","target":{"@type":"EntryPoint","urlTemplate":"http:\/\/schmidt-paetzel.de\/?s={search_term_string}"},"query-input":"required name=search_term_string"}],"inLanguage":"de"}]}},"_links":{"self":[{"href":"http:\/\/schmidt-paetzel.de\/index.php?rest_route=\/wp\/v2\/pages\/308"}],"collection":[{"href":"http:\/\/schmidt-paetzel.de\/index.php?rest_route=\/wp\/v2\/pages"}],"about":[{"href":"http:\/\/schmidt-paetzel.de\/index.php?rest_route=\/wp\/v2\/types\/page"}],"author":[{"embeddable":true,"href":"http:\/\/schmidt-paetzel.de\/index.php?rest_route=\/wp\/v2\/users\/1"}],"replies":[{"embeddable":true,"href":"http:\/\/schmidt-paetzel.de\/index.php?rest_route=%2Fwp%2Fv2%2Fcomments&post=308"}],"version-history":[{"count":3,"href":"http:\/\/schmidt-paetzel.de\/index.php?rest_route=\/wp\/v2\/pages\/308\/revisions"}],"predecessor-version":[{"id":311,"href":"http:\/\/schmidt-paetzel.de\/index.php?rest_route=\/wp\/v2\/pages\/308\/revisions\/311"}],"wp:attachment":[{"href":"http:\/\/schmidt-paetzel.de\/index.php?rest_route=%2Fwp%2Fv2%2Fmedia&parent=308"}],"curies":[{"name":"wp","href":"https:\/\/api.w.org\/{rel}","templated":true}]}}