{"id":325,"date":"2020-05-28T10:35:33","date_gmt":"2020-05-28T10:35:33","guid":{"rendered":"http:\/\/schmidt-paetzel.de\/?page_id=325"},"modified":"2022-12-28T11:30:08","modified_gmt":"2022-12-28T11:30:08","slug":"impressum","status":"publish","type":"page","link":"http:\/\/schmidt-paetzel.de\/?page_id=325","title":{"rendered":"Impressum"},"content":{"rendered":"\t\t<div data-elementor-type=\"wp-page\" data-elementor-id=\"325\" class=\"elementor elementor-325\">\n\t\t\t\t\t\t<section class=\"elementor-section elementor-top-section elementor-element elementor-element-59a9481 elementor-section-boxed elementor-section-height-default elementor-section-height-default\" data-id=\"59a9481\" data-element_type=\"section\">\n\t\t\t\t\t\t<div class=\"elementor-container elementor-column-gap-default\">\n\t\t\t\t\t<div class=\"elementor-column elementor-col-100 elementor-top-column elementor-element elementor-element-15ee8f1\" data-id=\"15ee8f1\" data-element_type=\"column\">\n\t\t\t<div class=\"elementor-widget-wrap elementor-element-populated\">\n\t\t\t\t\t\t<div class=\"elementor-element elementor-element-2dec2ac elementor-widget elementor-widget-text-editor\" data-id=\"2dec2ac\" data-element_type=\"widget\" data-widget_type=\"text-editor.default\">\n\t\t\t\t<div class=\"elementor-widget-container\">\n\t\t\t\t\t\t\t<hr \/><h4>Angaben gem\u00e4\u00df \u00a7 5 TMG<\/h4><p>Schmidt &amp; Paetzel Fernsehfilme GmbH<br \/>Niedstra\u00dfe 28<br \/>12159 Berlin<\/p><p>Handelsregister: 88430<br \/>Registergericht: Amtsgericht Charlottenburg<\/p><p><strong>Vertreten durch:<\/strong><br \/>Cordula Paetzel<\/p><h4>Kontakt<\/h4><p>Telefon: +493085073355<br \/>Telefax: +493085073356<br \/>E-Mail: buero@schmidt-paetzel.de<\/p><h4>Umsatzsteuer-ID<\/h4><p>Umsatzsteuer-Identifikationsnummer gem\u00e4\u00df \u00a7 27 a Umsatzsteuergesetz:<br \/>DE227526914<\/p><h4>Verantwortlich f\u00fcr den Inhalt nach \u00a7 55 Abs. 2 RStV<\/h4><p>Andreas Christoph Schmidt<\/p><h4>Haftung f\u00fcr Inhalte<\/h4><p>Als Diensteanbieter sind wir gem\u00e4\u00df \u00a7 7 Abs.1 TMG f\u00fcr eigene Inhalte auf diesen Seiten nach den allgemeinen Gesetzen verantwortlich. Nach \u00a7\u00a7 8 bis 10 TMG sind wir als Diensteanbieter jedoch nicht verpflichtet, \u00fcbermittelte oder gespeicherte fremde Informationen zu \u00fcberwachen oder nach Umst\u00e4nden zu forschen, die auf eine rechtswidrige T\u00e4tigkeit hinweisen.<\/p><p>Verpflichtungen zur Entfernung oder Sperrung der Nutzung von Informationen nach den allgemeinen Gesetzen bleiben hiervon unber\u00fchrt. Eine diesbez\u00fcgliche Haftung ist jedoch erst ab dem Zeitpunkt der Kenntnis einer konkreten Rechtsverletzung m\u00f6glich. Bei Bekanntwerden von entsprechenden Rechtsverletzungen werden wir diese Inhalte umgehend entfernen.<\/p><h4>Haftung f\u00fcr Links<\/h4><p>Unser Angebot enth\u00e4lt Links zu externen Websites Dritter, auf deren Inhalte wir keinen Einfluss haben. Deshalb k\u00f6nnen wir f\u00fcr diese fremden Inhalte auch keine Gew\u00e4hr \u00fcbernehmen. F\u00fcr die Inhalte der verlinkten Seiten ist stets der jeweilige Anbieter oder Betreiber der Seiten verantwortlich. Die verlinkten Seiten wurden zum Zeitpunkt der Verlinkung auf m\u00f6gliche Rechtsverst\u00f6\u00dfe \u00fcberpr\u00fcft. Rechtswidrige Inhalte waren zum Zeitpunkt der Verlinkung nicht erkennbar.<\/p><p>Eine permanente inhaltliche Kontrolle der verlinkten Seiten ist jedoch ohne konkrete Anhaltspunkte einer Rechtsverletzung nicht zumutbar. Bei Bekanntwerden von Rechtsverletzungen werden wir derartige Links umgehend entfernen.<\/p><h4>Urheberrecht<\/h4><p>Die durch die Seitenbetreiber erstellten Inhalte und Werke auf diesen Seiten unterliegen dem deutschen Urheberrecht. Die Vervielf\u00e4ltigung, Bearbeitung, Verbreitung und jede Art der Verwertung au\u00dferhalb der Grenzen des Urheberrechtes bed\u00fcrfen der schriftlichen Zustimmung des jeweiligen Autors bzw. Erstellers. Downloads und Kopien dieser Seite sind nur f\u00fcr den privaten, nicht kommerziellen Gebrauch gestattet.<\/p><p>Soweit die Inhalte auf dieser Seite nicht vom Betreiber erstellt wurden, werden die Urheberrechte Dritter beachtet. Insbesondere werden Inhalte Dritter als solche gekennzeichnet. Sollten Sie trotzdem auf eine Urheberrechtsverletzung aufmerksam werden, bitten wir um einen entsprechenden Hinweis. Bei Bekanntwerden von Rechtsverletzungen werden wir derartige Inhalte umgehend entfernen.<\/p><p>\u00a0<\/p><p>\u00a0<\/p><p>\u00a0<\/p>\t\t\t\t\t\t<\/div>\n\t\t\t\t<\/div>\n\t\t\t\t\t<\/div>\n\t\t<\/div>\n\t\t\t\t\t<\/div>\n\t\t<\/section>\n\t\t\t\t<\/div>\n\t\t","protected":false},"excerpt":{"rendered":"<p>Angaben gem\u00e4\u00df \u00a7 5 TMG Schmidt &amp; Paetzel Fernsehfilme GmbHNiedstra\u00dfe 2812159 Berlin Handelsregister: 88430Registergericht: Amtsgericht Charlottenburg Vertreten durch:Cordula Paetzel Kontakt Telefon: +493085073355Telefax: +493085073356E-Mail: buero@schmidt-paetzel.de Umsatzsteuer-ID [&#8230;]<\/p>\n","protected":false},"author":1,"featured_media":0,"parent":0,"menu_order":0,"comment_status":"closed","ping_status":"closed","template":"","meta":[],"yoast_head":"<!-- This site is optimized with the Yoast SEO plugin v21.8.1 - https:\/\/yoast.com\/wordpress\/plugins\/seo\/ -->\n<title>Impressum - Schmidt &amp; Paetzel Fernsehfilme<\/title>\n<meta name=\"robots\" content=\"index, follow, max-snippet:-1, max-image-preview:large, max-video-preview:-1\" \/>\n<link rel=\"canonical\" href=\"http:\/\/schmidt-paetzel.de\/?page_id=325\" \/>\n<meta property=\"og:locale\" content=\"de_DE\" \/>\n<meta property=\"og:type\" content=\"article\" \/>\n<meta property=\"og:title\" content=\"Impressum - Schmidt &amp; Paetzel Fernsehfilme\" \/>\n<meta property=\"og:description\" content=\"Angaben gem\u00e4\u00df \u00a7 5 TMG Schmidt &amp; Paetzel Fernsehfilme GmbHNiedstra\u00dfe 2812159 Berlin Handelsregister: 88430Registergericht: Amtsgericht Charlottenburg Vertreten durch:Cordula Paetzel Kontakt Telefon: +493085073355Telefax: +493085073356E-Mail: buero@schmidt-paetzel.de Umsatzsteuer-ID [...]\" \/>\n<meta property=\"og:url\" content=\"http:\/\/schmidt-paetzel.de\/?page_id=325\" \/>\n<meta property=\"og:site_name\" content=\"Schmidt &amp; Paetzel Fernsehfilme\" \/>\n<meta property=\"article:modified_time\" content=\"2022-12-28T11:30:08+00:00\" \/>\n<meta name=\"twitter:card\" content=\"summary_large_image\" \/>\n<meta name=\"twitter:label1\" content=\"Gesch\u00e4tzte Lesezeit\" \/>\n\t<meta name=\"twitter:data1\" content=\"2\u00a0Minuten\" \/>\n<script type=\"application\/ld+json\" class=\"yoast-schema-graph\">{\"@context\":\"https:\/\/schema.org\",\"@graph\":[{\"@type\":\"WebPage\",\"@id\":\"http:\/\/schmidt-paetzel.de\/?page_id=325\",\"url\":\"http:\/\/schmidt-paetzel.de\/?page_id=325\",\"name\":\"Impressum - Schmidt &amp; Paetzel Fernsehfilme\",\"isPartOf\":{\"@id\":\"https:\/\/schmidt-paetzel.de\/#website\"},\"datePublished\":\"2020-05-28T10:35:33+00:00\",\"dateModified\":\"2022-12-28T11:30:08+00:00\",\"breadcrumb\":{\"@id\":\"http:\/\/schmidt-paetzel.de\/?page_id=325#breadcrumb\"},\"inLanguage\":\"de\",\"potentialAction\":[{\"@type\":\"ReadAction\",\"target\":[\"http:\/\/schmidt-paetzel.de\/?page_id=325\"]}]},{\"@type\":\"BreadcrumbList\",\"@id\":\"http:\/\/schmidt-paetzel.de\/?page_id=325#breadcrumb\",\"itemListElement\":[{\"@type\":\"ListItem\",\"position\":1,\"name\":\"Startseite\",\"item\":\"https:\/\/schmidt-paetzel.de\/\"},{\"@type\":\"ListItem\",\"position\":2,\"name\":\"Impressum\"}]},{\"@type\":\"WebSite\",\"@id\":\"https:\/\/schmidt-paetzel.de\/#website\",\"url\":\"https:\/\/schmidt-paetzel.de\/\",\"name\":\"Schmidt &amp; Paetzel Fernsehfilme\",\"description\":\"\",\"potentialAction\":[{\"@type\":\"SearchAction\",\"target\":{\"@type\":\"EntryPoint\",\"urlTemplate\":\"https:\/\/schmidt-paetzel.de\/?s={search_term_string}\"},\"query-input\":\"required name=search_term_string\"}],\"inLanguage\":\"de\"}]}<\/script>\n<!-- \/ Yoast SEO plugin. -->","yoast_head_json":{"title":"Impressum - Schmidt &amp; Paetzel Fernsehfilme","robots":{"index":"index","follow":"follow","max-snippet":"max-snippet:-1","max-image-preview":"max-image-preview:large","max-video-preview":"max-video-preview:-1"},"canonical":"http:\/\/schmidt-paetzel.de\/?page_id=325","og_locale":"de_DE","og_type":"article","og_title":"Impressum - Schmidt &amp; Paetzel Fernsehfilme","og_description":"Angaben gem\u00e4\u00df \u00a7 5 TMG Schmidt &amp; Paetzel Fernsehfilme GmbHNiedstra\u00dfe 2812159 Berlin Handelsregister: 88430Registergericht: Amtsgericht Charlottenburg Vertreten durch:Cordula Paetzel Kontakt Telefon: +493085073355Telefax: +493085073356E-Mail: buero@schmidt-paetzel.de Umsatzsteuer-ID [...]","og_url":"http:\/\/schmidt-paetzel.de\/?page_id=325","og_site_name":"Schmidt &amp; Paetzel Fernsehfilme","article_modified_time":"2022-12-28T11:30:08+00:00","twitter_card":"summary_large_image","twitter_misc":{"Gesch\u00e4tzte Lesezeit":"2\u00a0Minuten"},"schema":{"@context":"https:\/\/schema.org","@graph":[{"@type":"WebPage","@id":"http:\/\/schmidt-paetzel.de\/?page_id=325","url":"http:\/\/schmidt-paetzel.de\/?page_id=325","name":"Impressum - Schmidt &amp; Paetzel Fernsehfilme","isPartOf":{"@id":"https:\/\/schmidt-paetzel.de\/#website"},"datePublished":"2020-05-28T10:35:33+00:00","dateModified":"2022-12-28T11:30:08+00:00","breadcrumb":{"@id":"http:\/\/schmidt-paetzel.de\/?page_id=325#breadcrumb"},"inLanguage":"de","potentialAction":[{"@type":"ReadAction","target":["http:\/\/schmidt-paetzel.de\/?page_id=325"]}]},{"@type":"BreadcrumbList","@id":"http:\/\/schmidt-paetzel.de\/?page_id=325#breadcrumb","itemListElement":[{"@type":"ListItem","position":1,"name":"Startseite","item":"https:\/\/schmidt-paetzel.de\/"},{"@type":"ListItem","position":2,"name":"Impressum"}]},{"@type":"WebSite","@id":"https:\/\/schmidt-paetzel.de\/#website","url":"https:\/\/schmidt-paetzel.de\/","name":"Schmidt &amp; Paetzel Fernsehfilme","description":"","potentialAction":[{"@type":"SearchAction","target":{"@type":"EntryPoint","urlTemplate":"https:\/\/schmidt-paetzel.de\/?s={search_term_string}"},"query-input":"required name=search_term_string"}],"inLanguage":"de"}]}},"_links":{"self":[{"href":"http:\/\/schmidt-paetzel.de\/index.php?rest_route=\/wp\/v2\/pages\/325"}],"collection":[{"href":"http:\/\/schmidt-paetzel.de\/index.php?rest_route=\/wp\/v2\/pages"}],"about":[{"href":"http:\/\/schmidt-paetzel.de\/index.php?rest_route=\/wp\/v2\/types\/page"}],"author":[{"embeddable":true,"href":"http:\/\/schmidt-paetzel.de\/index.php?rest_route=\/wp\/v2\/users\/1"}],"replies":[{"embeddable":true,"href":"http:\/\/schmidt-paetzel.de\/index.php?rest_route=%2Fwp%2Fv2%2Fcomments&post=325"}],"version-history":[{"count":7,"href":"http:\/\/schmidt-paetzel.de\/index.php?rest_route=\/wp\/v2\/pages\/325\/revisions"}],"predecessor-version":[{"id":811,"href":"http:\/\/schmidt-paetzel.de\/index.php?rest_route=\/wp\/v2\/pages\/325\/revisions\/811"}],"wp:attachment":[{"href":"http:\/\/schmidt-paetzel.de\/index.php?rest_route=%2Fwp%2Fv2%2Fmedia&parent=325"}],"curies":[{"name":"wp","href":"https:\/\/api.w.org\/{rel}","templated":true}]}}