{"id":855,"date":"2022-12-28T13:31:49","date_gmt":"2022-12-28T13:31:49","guid":{"rendered":"http:\/\/schmidt-paetzel.de\/?page_id=855"},"modified":"2022-12-30T06:55:20","modified_gmt":"2022-12-30T06:55:20","slug":"datenschutz","status":"publish","type":"page","link":"http:\/\/schmidt-paetzel.de\/?page_id=855","title":{"rendered":"Datenschutz"},"content":{"rendered":"\n<p>Guten Tag!<br class=\"\">Uns ist der Schutz Ihrer Privatsph\u00e4re sehr wichtig. Darum informieren wir Sie hier \u00fcber den Umgang mit Ihren Daten.<br class=\"\">Wir m\u00f6chten Sie darauf hinweisen, dass die Daten\u00fcbertragung im Internet Sicherheitsl\u00fccken aufweisen kann. Ein l\u00fcckenloser Schutz der Daten vor dem Zugriff durch Dritte ist nicht m\u00f6glich.<\/p>\n\n\n\n<p>Verantwortlicher f\u00fcr die Verarbeitung<br class=\"\">Cordula Paetzel<br class=\"\">Niedstra\u00dfe 28<br class=\"\">12159 Berlin<\/p>\n\n\n\n<p>E-Mail: \u00a0info(at)schmidt-paetzel.de<br><a class=\"\" href=\"http:\/\/www.schmidt-paetzel.de\" target=\"_blank\" rel=\"noreferrer noopener\">www.schmidt-paetzel.de<\/a><\/p>\n\n\n\n<p>Personenbezogene Daten<br class=\"\">Eine Weitergabe Ihrer personenbezogenen Daten an Dritte erfolgt nur mit Ihrer ausdr\u00fccklichen Zustimmung.<br class=\"\">Google Webfonts<br class=\"\">Diese Seite verwendet zur Darstellung der Schrift Webfonts. Webfonts werden von google bereitgestellt (<a href=\"http:\/\/www.google.com\/webfonts\/\" target=\"_blank\" rel=\"noreferrer noopener\" class=\"\">http:\/\/www.google.com\/webfonts\/<\/a>). Dazu l\u00e4dt beim Aufrufen der Seite ihr Browser die ben\u00f6tigte Webfont in den Browsercache, damit ihr Browser eine verbesserte Darstellung der Texte anzeigt. Wenn der Browser diese Funktion nicht unterst\u00fctzt, wird eine Standardschrift von Ihrem Computer zur Anzeige genutzt.<br class=\"\">Siehe auch;&nbsp;<a href=\"https:\/\/developers.google.com\/fonts\/faq?hl=de-DE&amp;csw=1\" target=\"_blank\" rel=\"noreferrer noopener\" class=\"\">https:\/\/developers.google.com\/fonts\/faq?hl=de-DE&amp;csw=1<\/a><br class=\"\">Sowie;&nbsp;<a href=\"http:\/\/www.google.com\/intl\/de-DE\/policies\/privacy\/\" target=\"_blank\" rel=\"noreferrer noopener\" class=\"\">http:\/\/www.google.com\/intl\/de-DE\/policies\/privacy\/<\/a><\/p>\n\n\n\n<p>Auskunft, L\u00f6schung, Sperrung<br class=\"\">Sie haben jederzeit das Recht auf unentgeltliche Auskunft \u00fcber Ihre gespeicherten personenbezogenen Daten, deren Herkunft und Empf\u00e4nger und den Zweck der Datenverarbeitung. Ferner steht Ihnen ein Recht auf Berichtigung, Sperrung oder L\u00f6schung dieser Daten zu. Sie k\u00f6nnen sich hierzu und zu weiteren Fragen zum Thema Daten jederzeit unter der im Impressum angegebenen Adresse an uns wenden.<\/p>\n","protected":false},"excerpt":{"rendered":"<p>Guten Tag!Uns ist der Schutz Ihrer Privatsph\u00e4re sehr wichtig. Darum informieren wir Sie hier \u00fcber den Umgang mit Ihren Daten.Wir m\u00f6chten Sie darauf hinweisen, dass [&#8230;]<\/p>\n","protected":false},"author":1,"featured_media":0,"parent":0,"menu_order":0,"comment_status":"closed","ping_status":"closed","template":"","meta":[],"yoast_head":"<!-- This site is optimized with the Yoast SEO plugin v21.8.1 - https:\/\/yoast.com\/wordpress\/plugins\/seo\/ -->\n<title>Datenschutz - Schmidt &amp; Paetzel Fernsehfilme<\/title>\n<meta name=\"robots\" content=\"index, follow, max-snippet:-1, max-image-preview:large, max-video-preview:-1\" \/>\n<link rel=\"canonical\" href=\"http:\/\/schmidt-paetzel.de\/?page_id=855\" \/>\n<meta property=\"og:locale\" content=\"de_DE\" \/>\n<meta property=\"og:type\" content=\"article\" \/>\n<meta property=\"og:title\" content=\"Datenschutz - Schmidt &amp; Paetzel Fernsehfilme\" \/>\n<meta property=\"og:description\" content=\"Guten Tag!Uns ist der Schutz Ihrer Privatsph\u00e4re sehr wichtig. Darum informieren wir Sie hier \u00fcber den Umgang mit Ihren Daten.Wir m\u00f6chten Sie darauf hinweisen, dass [...]\" \/>\n<meta property=\"og:url\" content=\"http:\/\/schmidt-paetzel.de\/?page_id=855\" \/>\n<meta property=\"og:site_name\" content=\"Schmidt &amp; Paetzel Fernsehfilme\" \/>\n<meta property=\"article:modified_time\" content=\"2022-12-30T06:55:20+00:00\" \/>\n<meta name=\"twitter:card\" content=\"summary_large_image\" \/>\n<meta name=\"twitter:label1\" content=\"Gesch\u00e4tzte Lesezeit\" \/>\n\t<meta name=\"twitter:data1\" content=\"1\u00a0Minute\" \/>\n<script type=\"application\/ld+json\" class=\"yoast-schema-graph\">{\"@context\":\"https:\/\/schema.org\",\"@graph\":[{\"@type\":\"WebPage\",\"@id\":\"http:\/\/schmidt-paetzel.de\/?page_id=855\",\"url\":\"http:\/\/schmidt-paetzel.de\/?page_id=855\",\"name\":\"Datenschutz - Schmidt &amp; Paetzel Fernsehfilme\",\"isPartOf\":{\"@id\":\"https:\/\/schmidt-paetzel.de\/#website\"},\"datePublished\":\"2022-12-28T13:31:49+00:00\",\"dateModified\":\"2022-12-30T06:55:20+00:00\",\"breadcrumb\":{\"@id\":\"http:\/\/schmidt-paetzel.de\/?page_id=855#breadcrumb\"},\"inLanguage\":\"de\",\"potentialAction\":[{\"@type\":\"ReadAction\",\"target\":[\"http:\/\/schmidt-paetzel.de\/?page_id=855\"]}]},{\"@type\":\"BreadcrumbList\",\"@id\":\"http:\/\/schmidt-paetzel.de\/?page_id=855#breadcrumb\",\"itemListElement\":[{\"@type\":\"ListItem\",\"position\":1,\"name\":\"Startseite\",\"item\":\"https:\/\/schmidt-paetzel.de\/\"},{\"@type\":\"ListItem\",\"position\":2,\"name\":\"Datenschutz\"}]},{\"@type\":\"WebSite\",\"@id\":\"https:\/\/schmidt-paetzel.de\/#website\",\"url\":\"https:\/\/schmidt-paetzel.de\/\",\"name\":\"Schmidt &amp; Paetzel Fernsehfilme\",\"description\":\"\",\"potentialAction\":[{\"@type\":\"SearchAction\",\"target\":{\"@type\":\"EntryPoint\",\"urlTemplate\":\"https:\/\/schmidt-paetzel.de\/?s={search_term_string}\"},\"query-input\":\"required name=search_term_string\"}],\"inLanguage\":\"de\"}]}<\/script>\n<!-- \/ Yoast SEO plugin. -->","yoast_head_json":{"title":"Datenschutz - Schmidt &amp; Paetzel Fernsehfilme","robots":{"index":"index","follow":"follow","max-snippet":"max-snippet:-1","max-image-preview":"max-image-preview:large","max-video-preview":"max-video-preview:-1"},"canonical":"http:\/\/schmidt-paetzel.de\/?page_id=855","og_locale":"de_DE","og_type":"article","og_title":"Datenschutz - Schmidt &amp; Paetzel Fernsehfilme","og_description":"Guten Tag!Uns ist der Schutz Ihrer Privatsph\u00e4re sehr wichtig. Darum informieren wir Sie hier \u00fcber den Umgang mit Ihren Daten.Wir m\u00f6chten Sie darauf hinweisen, dass [...]","og_url":"http:\/\/schmidt-paetzel.de\/?page_id=855","og_site_name":"Schmidt &amp; Paetzel Fernsehfilme","article_modified_time":"2022-12-30T06:55:20+00:00","twitter_card":"summary_large_image","twitter_misc":{"Gesch\u00e4tzte Lesezeit":"1\u00a0Minute"},"schema":{"@context":"https:\/\/schema.org","@graph":[{"@type":"WebPage","@id":"http:\/\/schmidt-paetzel.de\/?page_id=855","url":"http:\/\/schmidt-paetzel.de\/?page_id=855","name":"Datenschutz - Schmidt &amp; Paetzel Fernsehfilme","isPartOf":{"@id":"https:\/\/schmidt-paetzel.de\/#website"},"datePublished":"2022-12-28T13:31:49+00:00","dateModified":"2022-12-30T06:55:20+00:00","breadcrumb":{"@id":"http:\/\/schmidt-paetzel.de\/?page_id=855#breadcrumb"},"inLanguage":"de","potentialAction":[{"@type":"ReadAction","target":["http:\/\/schmidt-paetzel.de\/?page_id=855"]}]},{"@type":"BreadcrumbList","@id":"http:\/\/schmidt-paetzel.de\/?page_id=855#breadcrumb","itemListElement":[{"@type":"ListItem","position":1,"name":"Startseite","item":"https:\/\/schmidt-paetzel.de\/"},{"@type":"ListItem","position":2,"name":"Datenschutz"}]},{"@type":"WebSite","@id":"https:\/\/schmidt-paetzel.de\/#website","url":"https:\/\/schmidt-paetzel.de\/","name":"Schmidt &amp; Paetzel Fernsehfilme","description":"","potentialAction":[{"@type":"SearchAction","target":{"@type":"EntryPoint","urlTemplate":"https:\/\/schmidt-paetzel.de\/?s={search_term_string}"},"query-input":"required name=search_term_string"}],"inLanguage":"de"}]}},"_links":{"self":[{"href":"http:\/\/schmidt-paetzel.de\/index.php?rest_route=\/wp\/v2\/pages\/855"}],"collection":[{"href":"http:\/\/schmidt-paetzel.de\/index.php?rest_route=\/wp\/v2\/pages"}],"about":[{"href":"http:\/\/schmidt-paetzel.de\/index.php?rest_route=\/wp\/v2\/types\/page"}],"author":[{"embeddable":true,"href":"http:\/\/schmidt-paetzel.de\/index.php?rest_route=\/wp\/v2\/users\/1"}],"replies":[{"embeddable":true,"href":"http:\/\/schmidt-paetzel.de\/index.php?rest_route=%2Fwp%2Fv2%2Fcomments&post=855"}],"version-history":[{"count":3,"href":"http:\/\/schmidt-paetzel.de\/index.php?rest_route=\/wp\/v2\/pages\/855\/revisions"}],"predecessor-version":[{"id":862,"href":"http:\/\/schmidt-paetzel.de\/index.php?rest_route=\/wp\/v2\/pages\/855\/revisions\/862"}],"wp:attachment":[{"href":"http:\/\/schmidt-paetzel.de\/index.php?rest_route=%2Fwp%2Fv2%2Fmedia&parent=855"}],"curies":[{"name":"wp","href":"https:\/\/api.w.org\/{rel}","templated":true}]}}