{"id":665,"date":"2020-11-02T11:34:00","date_gmt":"2020-11-02T11:34:00","guid":{"rendered":"http:\/\/schmidt-paetzel.de\/?page_id=665"},"modified":"2021-03-03T06:49:14","modified_gmt":"2021-03-03T06:49:14","slug":"dokumentarfilme-und-fernsehdokumentationen-seit-1996","status":"publish","type":"page","link":"https:\/\/schmidt-paetzel.de\/","title":{"rendered":"Dokumentarfilme und Fernsehdokumentationen seit 1996"},"content":{"rendered":"\t\t<div data-elementor-type=\"wp-page\" data-elementor-id=\"665\" class=\"elementor elementor-665\">\n\t\t\t\t\t\t<section class=\"elementor-section elementor-top-section elementor-element elementor-element-e12956f elementor-section-boxed elementor-section-height-default elementor-section-height-default\" data-id=\"e12956f\" data-element_type=\"section\">\n\t\t\t\t\t\t<div class=\"elementor-container elementor-column-gap-default\">\n\t\t\t\t\t<div class=\"elementor-column elementor-col-100 elementor-top-column elementor-element elementor-element-96b4a17\" data-id=\"96b4a17\" data-element_type=\"column\">\n\t\t\t<div class=\"elementor-widget-wrap elementor-element-populated\">\n\t\t\t\t\t\t<div class=\"elementor-element elementor-element-f7a6e70 elementor-widget elementor-widget-text-editor\" data-id=\"f7a6e70\" data-element_type=\"widget\" data-widget_type=\"text-editor.default\">\n\t\t\t\t<div class=\"elementor-widget-container\">\n\t\t\t\t\t\t\t<p>Seit 1996 produzieren wir mit hohem Anspruch Dokumentarfilme und Fernsehdokumentationen. Mit fundierten historischen und filmhistorischen Kenntnissen, gro\u00dfem Mitgef\u00fchl und der F\u00e4higkeit zu bewegender Erz\u00e4hlung wird Neues, Ungesehenes, nie Geh\u00f6rtes pr\u00e4sentiert &#8211; aus Perspektiven, die noch niemand eingenommen hat.<\/p><p>Besser fernsehen!<\/p><p>\u00a0<\/p><p><img fetchpriority=\"high\" decoding=\"async\" class=\"alignleft wp-image-720\" src=\"http:\/\/schmidt-paetzel.de\/wp-content\/uploads\/2020\/11\/2f7228df-9ba7-42e8-8f41-3ac04503588aX-e1604326487760-1024x460.jpg\" alt=\"\" width=\"855\" height=\"384\" srcset=\"https:\/\/schmidt-paetzel.de\/wp-content\/uploads\/2020\/11\/2f7228df-9ba7-42e8-8f41-3ac04503588aX-e1604326487760-1024x460.jpg 1024w, https:\/\/schmidt-paetzel.de\/wp-content\/uploads\/2020\/11\/2f7228df-9ba7-42e8-8f41-3ac04503588aX-e1604326487760-300x135.jpg 300w, https:\/\/schmidt-paetzel.de\/wp-content\/uploads\/2020\/11\/2f7228df-9ba7-42e8-8f41-3ac04503588aX-e1604326487760-768x345.jpg 768w, https:\/\/schmidt-paetzel.de\/wp-content\/uploads\/2020\/11\/2f7228df-9ba7-42e8-8f41-3ac04503588aX-e1604326487760-1536x690.jpg 1536w, https:\/\/schmidt-paetzel.de\/wp-content\/uploads\/2020\/11\/2f7228df-9ba7-42e8-8f41-3ac04503588aX-e1604326487760.jpg 1595w\" sizes=\"(max-width: 855px) 100vw, 855px\" \/><\/p>\t\t\t\t\t\t<\/div>\n\t\t\t\t<\/div>\n\t\t\t\t\t<\/div>\n\t\t<\/div>\n\t\t\t\t\t<\/div>\n\t\t<\/section>\n\t\t\t\t<\/div>\n\t\t","protected":false},"excerpt":{"rendered":"<p>Seit 1996 produzieren wir mit hohem Anspruch Dokumentarfilme und Fernsehdokumentationen. Mit fundierten historischen und filmhistorischen Kenntnissen, gro\u00dfem Mitgef\u00fchl und der F\u00e4higkeit zu bewegender Erz\u00e4hlung wird [&#8230;]<\/p>\n","protected":false},"author":1,"featured_media":0,"parent":0,"menu_order":0,"comment_status":"closed","ping_status":"closed","template":"","meta":[],"yoast_head":"<!-- This site is optimized with the Yoast SEO plugin v21.8.1 - https:\/\/yoast.com\/wordpress\/plugins\/seo\/ -->\n<title>Schmidt &amp; Paetzel Fernsehfilme<\/title>\n<meta name=\"description\" content=\"Dokumentarfilme und Fernsehdokumentationen seit 1996\" \/>\n<meta name=\"robots\" content=\"index, follow, max-snippet:-1, max-image-preview:large, max-video-preview:-1\" \/>\n<link rel=\"canonical\" href=\"http:\/\/schmidt-paetzel.de\/\" \/>\n<meta property=\"og:locale\" content=\"de_DE\" \/>\n<meta property=\"og:type\" content=\"article\" \/>\n<meta property=\"og:title\" content=\"Schmidt &amp; Paetzel Fernsehfilme\" \/>\n<meta property=\"og:description\" content=\"Dokumentarfilme und Fernsehdokumentationen seit 1996\" \/>\n<meta property=\"og:url\" content=\"http:\/\/schmidt-paetzel.de\/\" \/>\n<meta property=\"og:site_name\" content=\"Schmidt &amp; Paetzel Fernsehfilme\" \/>\n<meta property=\"article:modified_time\" content=\"2021-03-03T06:49:14+00:00\" \/>\n<meta property=\"og:image\" content=\"http:\/\/schmidt-paetzel.de\/wp-content\/uploads\/2020\/11\/2f7228df-9ba7-42e8-8f41-3ac04503588aX-e1604326487760-1024x460.jpg\" \/>\n<meta name=\"twitter:card\" content=\"summary_large_image\" \/>\n<script type=\"application\/ld+json\" class=\"yoast-schema-graph\">{\"@context\":\"https:\/\/schema.org\",\"@graph\":[{\"@type\":\"WebPage\",\"@id\":\"http:\/\/schmidt-paetzel.de\/\",\"url\":\"http:\/\/schmidt-paetzel.de\/\",\"name\":\"Schmidt &amp; Paetzel Fernsehfilme\",\"isPartOf\":{\"@id\":\"http:\/\/schmidt-paetzel.de\/#website\"},\"datePublished\":\"2020-11-02T11:34:00+00:00\",\"dateModified\":\"2021-03-03T06:49:14+00:00\",\"description\":\"Dokumentarfilme und Fernsehdokumentationen seit 1996\",\"breadcrumb\":{\"@id\":\"http:\/\/schmidt-paetzel.de\/#breadcrumb\"},\"inLanguage\":\"de\",\"potentialAction\":[{\"@type\":\"ReadAction\",\"target\":[\"http:\/\/schmidt-paetzel.de\/\"]}]},{\"@type\":\"BreadcrumbList\",\"@id\":\"http:\/\/schmidt-paetzel.de\/#breadcrumb\",\"itemListElement\":[{\"@type\":\"ListItem\",\"position\":1,\"name\":\"Startseite\",\"item\":\"http:\/\/schmidt-paetzel.de\/\"},{\"@type\":\"ListItem\",\"position\":2,\"name\":\"Dokumentarfilme und Fernsehdokumentationen seit 1996\"}]},{\"@type\":\"WebSite\",\"@id\":\"http:\/\/schmidt-paetzel.de\/#website\",\"url\":\"http:\/\/schmidt-paetzel.de\/\",\"name\":\"Schmidt &amp; Paetzel Fernsehfilme\",\"description\":\"\",\"potentialAction\":[{\"@type\":\"SearchAction\",\"target\":{\"@type\":\"EntryPoint\",\"urlTemplate\":\"http:\/\/schmidt-paetzel.de\/?s={search_term_string}\"},\"query-input\":\"required name=search_term_string\"}],\"inLanguage\":\"de\"}]}<\/script>\n<!-- \/ Yoast SEO plugin. -->","yoast_head_json":{"title":"Schmidt &amp; Paetzel Fernsehfilme","description":"Dokumentarfilme und Fernsehdokumentationen seit 1996","robots":{"index":"index","follow":"follow","max-snippet":"max-snippet:-1","max-image-preview":"max-image-preview:large","max-video-preview":"max-video-preview:-1"},"canonical":"http:\/\/schmidt-paetzel.de\/","og_locale":"de_DE","og_type":"article","og_title":"Schmidt &amp; Paetzel Fernsehfilme","og_description":"Dokumentarfilme und Fernsehdokumentationen seit 1996","og_url":"http:\/\/schmidt-paetzel.de\/","og_site_name":"Schmidt &amp; Paetzel Fernsehfilme","article_modified_time":"2021-03-03T06:49:14+00:00","og_image":[{"url":"http:\/\/schmidt-paetzel.de\/wp-content\/uploads\/2020\/11\/2f7228df-9ba7-42e8-8f41-3ac04503588aX-e1604326487760-1024x460.jpg"}],"twitter_card":"summary_large_image","schema":{"@context":"https:\/\/schema.org","@graph":[{"@type":"WebPage","@id":"http:\/\/schmidt-paetzel.de\/","url":"http:\/\/schmidt-paetzel.de\/","name":"Schmidt &amp; Paetzel Fernsehfilme","isPartOf":{"@id":"http:\/\/schmidt-paetzel.de\/#website"},"datePublished":"2020-11-02T11:34:00+00:00","dateModified":"2021-03-03T06:49:14+00:00","description":"Dokumentarfilme und Fernsehdokumentationen seit 1996","breadcrumb":{"@id":"http:\/\/schmidt-paetzel.de\/#breadcrumb"},"inLanguage":"de","potentialAction":[{"@type":"ReadAction","target":["http:\/\/schmidt-paetzel.de\/"]}]},{"@type":"BreadcrumbList","@id":"http:\/\/schmidt-paetzel.de\/#breadcrumb","itemListElement":[{"@type":"ListItem","position":1,"name":"Startseite","item":"http:\/\/schmidt-paetzel.de\/"},{"@type":"ListItem","position":2,"name":"Dokumentarfilme und Fernsehdokumentationen seit 1996"}]},{"@type":"WebSite","@id":"http:\/\/schmidt-paetzel.de\/#website","url":"http:\/\/schmidt-paetzel.de\/","name":"Schmidt &amp; Paetzel Fernsehfilme","description":"","potentialAction":[{"@type":"SearchAction","target":{"@type":"EntryPoint","urlTemplate":"http:\/\/schmidt-paetzel.de\/?s={search_term_string}"},"query-input":"required name=search_term_string"}],"inLanguage":"de"}]}},"_links":{"self":[{"href":"https:\/\/schmidt-paetzel.de\/index.php?rest_route=\/wp\/v2\/pages\/665"}],"collection":[{"href":"https:\/\/schmidt-paetzel.de\/index.php?rest_route=\/wp\/v2\/pages"}],"about":[{"href":"https:\/\/schmidt-paetzel.de\/index.php?rest_route=\/wp\/v2\/types\/page"}],"author":[{"embeddable":true,"href":"https:\/\/schmidt-paetzel.de\/index.php?rest_route=\/wp\/v2\/users\/1"}],"replies":[{"embeddable":true,"href":"https:\/\/schmidt-paetzel.de\/index.php?rest_route=%2Fwp%2Fv2%2Fcomments&post=665"}],"version-history":[{"count":14,"href":"https:\/\/schmidt-paetzel.de\/index.php?rest_route=\/wp\/v2\/pages\/665\/revisions"}],"predecessor-version":[{"id":753,"href":"https:\/\/schmidt-paetzel.de\/index.php?rest_route=\/wp\/v2\/pages\/665\/revisions\/753"}],"wp:attachment":[{"href":"https:\/\/schmidt-paetzel.de\/index.php?rest_route=%2Fwp%2Fv2%2Fmedia&parent=665"}],"curies":[{"name":"wp","href":"https:\/\/api.w.org\/{rel}","templated":true}]}}