{"id":872,"date":"2023-04-13T08:44:21","date_gmt":"2023-04-13T08:44:21","guid":{"rendered":"http:\/\/schmidt-paetzel.de\/?page_id=872"},"modified":"2024-07-30T13:30:50","modified_gmt":"2024-07-30T13:30:50","slug":"elementor-872","status":"publish","type":"page","link":"https:\/\/schmidt-paetzel.de\/?page_id=872","title":{"rendered":"In Arbeit"},"content":{"rendered":"\t\t<div data-elementor-type=\"wp-page\" data-elementor-id=\"872\" class=\"elementor elementor-872\">\n\t\t\t\t\t\t<section class=\"elementor-section elementor-top-section elementor-element elementor-element-8407575 elementor-section-boxed elementor-section-height-default elementor-section-height-default\" data-id=\"8407575\" data-element_type=\"section\">\n\t\t\t\t\t\t<div class=\"elementor-container elementor-column-gap-default\">\n\t\t\t\t\t<div class=\"elementor-column elementor-col-100 elementor-top-column elementor-element elementor-element-21cb75d\" data-id=\"21cb75d\" data-element_type=\"column\">\n\t\t\t<div class=\"elementor-widget-wrap elementor-element-populated\">\n\t\t\t\t\t\t<div class=\"elementor-element elementor-element-6201acf elementor-widget elementor-widget-text-editor\" data-id=\"6201acf\" data-element_type=\"widget\" data-widget_type=\"text-editor.default\">\n\t\t\t\t<div class=\"elementor-widget-container\">\n\t\t\t\t\t\t\t<p><strong>Letzte Sommer in Sanary. Ein Strandidyll mit Exilanten (AT)<\/strong><\/p><p><img decoding=\"async\" class=\"alignright wp-image-989 \" src=\"http:\/\/schmidt-paetzel.de\/wp-content\/uploads\/2024\/07\/2ecaa0d97a02b6e971822ce530604c96-300x206.jpg\" alt=\"\" width=\"219\" height=\"151\" srcset=\"https:\/\/schmidt-paetzel.de\/wp-content\/uploads\/2024\/07\/2ecaa0d97a02b6e971822ce530604c96-300x206.jpg 300w, https:\/\/schmidt-paetzel.de\/wp-content\/uploads\/2024\/07\/2ecaa0d97a02b6e971822ce530604c96-1024x702.jpg 1024w, https:\/\/schmidt-paetzel.de\/wp-content\/uploads\/2024\/07\/2ecaa0d97a02b6e971822ce530604c96-768x527.jpg 768w, https:\/\/schmidt-paetzel.de\/wp-content\/uploads\/2024\/07\/2ecaa0d97a02b6e971822ce530604c96-1536x1053.jpg 1536w, https:\/\/schmidt-paetzel.de\/wp-content\/uploads\/2024\/07\/2ecaa0d97a02b6e971822ce530604c96-2048x1404.jpg 2048w\" sizes=\"(max-width: 219px) 100vw, 219px\" \/><\/p><p>Sanary-sur-Mer liegt an der sonnigen C\u00f4te d\u2019Azur, \u00f6stlich von Marseille, zwischen Bandol und Hy\u00e8res, ist umweht von leichter Meeresbrise, von der Caf\u00e9terrasse f\u00e4llt der Blick auf bunte, tr\u00e4ge schaukelnde Fischerb\u00f6tchen &#8211; solch ein Ort scheint wie geschaffen zu einem gl\u00fccklichen Dasein. Am Hafen entdeckt der Ankommende eine Tafel, auf der die Namen Dutzender seiner Vorg\u00e4nger verzeichnet sind. Die meisten sind Ber\u00fchmtheiten: Lion und Marta Feuchtwanger, Bertolt Brecht, Joseph Roth, Arnold Zweig, Stefan Zweig, Alma Mahler-Werfel, Franz Werfel, Ernst Toller, Erwin Piscator, Erich Maria Remarque &#8211; und eine lange Reihe von Manns: Thomas, Heinrich, Katja, Erika, Klaus, Golo. Andere Namen &#8211; der Schriftsteller Ren\u00e9 Schickele, der Kunsthistoriker Julius Meier-Graefe &#8211; sind weniger bekannt, aber auch sie sind Ber\u00fchmtheiten, nur ist ihr Ruhm nicht so weltumspannend. Es ist, als ob ein imagin\u00e4rer Touristenbus eine fremde Schar hier an der K\u00fcste abgeladen h\u00e4tte. In Wirklichkeit kamen sie alle zu unterschiedlichen Zeiten und auf unterschiedliche Weise hierher, manche f\u00fcr Jahre, manche f\u00fcr eine Saison, manche f\u00fcr ein paar Tage.<\/p><p><br \/><br \/><\/p><p>\u00a0<\/p>\t\t\t\t\t\t<\/div>\n\t\t\t\t<\/div>\n\t\t\t\t\t<\/div>\n\t\t<\/div>\n\t\t\t\t\t<\/div>\n\t\t<\/section>\n\t\t\t\t<\/div>\n\t\t","protected":false},"excerpt":{"rendered":"<p>Letzte Sommer in Sanary. Ein Strandidyll mit Exilanten (AT) Sanary-sur-Mer liegt an der sonnigen C\u00f4te d\u2019Azur, \u00f6stlich von Marseille, zwischen Bandol und Hy\u00e8res, ist umweht [&#8230;]<\/p>\n","protected":false},"author":1,"featured_media":0,"parent":0,"menu_order":0,"comment_status":"closed","ping_status":"closed","template":"","meta":[],"yoast_head":"<!-- This site is optimized with the Yoast SEO plugin v21.8.1 - https:\/\/yoast.com\/wordpress\/plugins\/seo\/ -->\n<title>In Arbeit - Schmidt &amp; Paetzel Fernsehfilme<\/title>\n<meta name=\"robots\" content=\"index, follow, max-snippet:-1, max-image-preview:large, max-video-preview:-1\" \/>\n<link rel=\"canonical\" href=\"http:\/\/schmidt-paetzel.de\/?page_id=872\" \/>\n<meta property=\"og:locale\" content=\"de_DE\" \/>\n<meta property=\"og:type\" content=\"article\" \/>\n<meta property=\"og:title\" content=\"In Arbeit - Schmidt &amp; Paetzel Fernsehfilme\" \/>\n<meta property=\"og:description\" content=\"Letzte Sommer in Sanary. Ein Strandidyll mit Exilanten (AT) Sanary-sur-Mer liegt an der sonnigen C\u00f4te d\u2019Azur, \u00f6stlich von Marseille, zwischen Bandol und Hy\u00e8res, ist umweht [...]\" \/>\n<meta property=\"og:url\" content=\"http:\/\/schmidt-paetzel.de\/?page_id=872\" \/>\n<meta property=\"og:site_name\" content=\"Schmidt &amp; Paetzel Fernsehfilme\" \/>\n<meta property=\"article:modified_time\" content=\"2024-07-30T13:30:50+00:00\" \/>\n<meta property=\"og:image\" content=\"http:\/\/schmidt-paetzel.de\/wp-content\/uploads\/2024\/07\/2ecaa0d97a02b6e971822ce530604c96-300x206.jpg\" \/>\n<meta name=\"twitter:card\" content=\"summary_large_image\" \/>\n<meta name=\"twitter:label1\" content=\"Gesch\u00e4tzte Lesezeit\" \/>\n\t<meta name=\"twitter:data1\" content=\"2\u00a0Minuten\" \/>\n<script type=\"application\/ld+json\" class=\"yoast-schema-graph\">{\"@context\":\"https:\/\/schema.org\",\"@graph\":[{\"@type\":\"WebPage\",\"@id\":\"http:\/\/schmidt-paetzel.de\/?page_id=872\",\"url\":\"http:\/\/schmidt-paetzel.de\/?page_id=872\",\"name\":\"In Arbeit - Schmidt &amp; Paetzel Fernsehfilme\",\"isPartOf\":{\"@id\":\"http:\/\/schmidt-paetzel.de\/#website\"},\"datePublished\":\"2023-04-13T08:44:21+00:00\",\"dateModified\":\"2024-07-30T13:30:50+00:00\",\"breadcrumb\":{\"@id\":\"http:\/\/schmidt-paetzel.de\/?page_id=872#breadcrumb\"},\"inLanguage\":\"de\",\"potentialAction\":[{\"@type\":\"ReadAction\",\"target\":[\"http:\/\/schmidt-paetzel.de\/?page_id=872\"]}]},{\"@type\":\"BreadcrumbList\",\"@id\":\"http:\/\/schmidt-paetzel.de\/?page_id=872#breadcrumb\",\"itemListElement\":[{\"@type\":\"ListItem\",\"position\":1,\"name\":\"Startseite\",\"item\":\"http:\/\/schmidt-paetzel.de\/\"},{\"@type\":\"ListItem\",\"position\":2,\"name\":\"In Arbeit\"}]},{\"@type\":\"WebSite\",\"@id\":\"http:\/\/schmidt-paetzel.de\/#website\",\"url\":\"http:\/\/schmidt-paetzel.de\/\",\"name\":\"Schmidt &amp; Paetzel Fernsehfilme\",\"description\":\"\",\"potentialAction\":[{\"@type\":\"SearchAction\",\"target\":{\"@type\":\"EntryPoint\",\"urlTemplate\":\"http:\/\/schmidt-paetzel.de\/?s={search_term_string}\"},\"query-input\":\"required name=search_term_string\"}],\"inLanguage\":\"de\"}]}<\/script>\n<!-- \/ Yoast SEO plugin. -->","yoast_head_json":{"title":"In Arbeit - Schmidt &amp; Paetzel Fernsehfilme","robots":{"index":"index","follow":"follow","max-snippet":"max-snippet:-1","max-image-preview":"max-image-preview:large","max-video-preview":"max-video-preview:-1"},"canonical":"http:\/\/schmidt-paetzel.de\/?page_id=872","og_locale":"de_DE","og_type":"article","og_title":"In Arbeit - Schmidt &amp; Paetzel Fernsehfilme","og_description":"Letzte Sommer in Sanary. Ein Strandidyll mit Exilanten (AT) Sanary-sur-Mer liegt an der sonnigen C\u00f4te d\u2019Azur, \u00f6stlich von Marseille, zwischen Bandol und Hy\u00e8res, ist umweht [...]","og_url":"http:\/\/schmidt-paetzel.de\/?page_id=872","og_site_name":"Schmidt &amp; Paetzel Fernsehfilme","article_modified_time":"2024-07-30T13:30:50+00:00","og_image":[{"url":"http:\/\/schmidt-paetzel.de\/wp-content\/uploads\/2024\/07\/2ecaa0d97a02b6e971822ce530604c96-300x206.jpg"}],"twitter_card":"summary_large_image","twitter_misc":{"Gesch\u00e4tzte Lesezeit":"2\u00a0Minuten"},"schema":{"@context":"https:\/\/schema.org","@graph":[{"@type":"WebPage","@id":"http:\/\/schmidt-paetzel.de\/?page_id=872","url":"http:\/\/schmidt-paetzel.de\/?page_id=872","name":"In Arbeit - Schmidt &amp; Paetzel Fernsehfilme","isPartOf":{"@id":"http:\/\/schmidt-paetzel.de\/#website"},"datePublished":"2023-04-13T08:44:21+00:00","dateModified":"2024-07-30T13:30:50+00:00","breadcrumb":{"@id":"http:\/\/schmidt-paetzel.de\/?page_id=872#breadcrumb"},"inLanguage":"de","potentialAction":[{"@type":"ReadAction","target":["http:\/\/schmidt-paetzel.de\/?page_id=872"]}]},{"@type":"BreadcrumbList","@id":"http:\/\/schmidt-paetzel.de\/?page_id=872#breadcrumb","itemListElement":[{"@type":"ListItem","position":1,"name":"Startseite","item":"http:\/\/schmidt-paetzel.de\/"},{"@type":"ListItem","position":2,"name":"In Arbeit"}]},{"@type":"WebSite","@id":"http:\/\/schmidt-paetzel.de\/#website","url":"http:\/\/schmidt-paetzel.de\/","name":"Schmidt &amp; Paetzel Fernsehfilme","description":"","potentialAction":[{"@type":"SearchAction","target":{"@type":"EntryPoint","urlTemplate":"http:\/\/schmidt-paetzel.de\/?s={search_term_string}"},"query-input":"required name=search_term_string"}],"inLanguage":"de"}]}},"_links":{"self":[{"href":"https:\/\/schmidt-paetzel.de\/index.php?rest_route=\/wp\/v2\/pages\/872"}],"collection":[{"href":"https:\/\/schmidt-paetzel.de\/index.php?rest_route=\/wp\/v2\/pages"}],"about":[{"href":"https:\/\/schmidt-paetzel.de\/index.php?rest_route=\/wp\/v2\/types\/page"}],"author":[{"embeddable":true,"href":"https:\/\/schmidt-paetzel.de\/index.php?rest_route=\/wp\/v2\/users\/1"}],"replies":[{"embeddable":true,"href":"https:\/\/schmidt-paetzel.de\/index.php?rest_route=%2Fwp%2Fv2%2Fcomments&post=872"}],"version-history":[{"count":57,"href":"https:\/\/schmidt-paetzel.de\/index.php?rest_route=\/wp\/v2\/pages\/872\/revisions"}],"predecessor-version":[{"id":1005,"href":"https:\/\/schmidt-paetzel.de\/index.php?rest_route=\/wp\/v2\/pages\/872\/revisions\/1005"}],"wp:attachment":[{"href":"https:\/\/schmidt-paetzel.de\/index.php?rest_route=%2Fwp%2Fv2%2Fmedia&parent=872"}],"curies":[{"name":"wp","href":"https:\/\/api.w.org\/{rel}","templated":true}]}}